{"id":956,"date":"2020-03-29T19:52:54","date_gmt":"2020-03-30T00:52:54","guid":{"rendered":"https:\/\/reencauchadoraelsol.com\/?page_id=956"},"modified":"2024-10-14T09:53:47","modified_gmt":"2024-10-14T14:53:47","slug":"quienessomos","status":"publish","type":"page","link":"https:\/\/reencauchadoraelsol.com\/?page_id=956","title":{"rendered":"Quienes Somos"},"content":{"rendered":"<p><strong>REENCAUCHADORA EL SOL<\/strong> es una empresa peruana que desde 1942 brinda el mejor servicio de reparaci\u00f3n y reencauche para todo tipo de neum\u00e1ticos.<\/p>\n<p>La planta de reencauche de Reencauchadora el Sol, est\u00e1 ubicada en Lima y es considerada una de las plantas de reencauche m\u00e1s modernas del pa\u00eds, con capacidad para reencauchar neum\u00e1ticos hasta aro 63&#8243;.<\/p>\n<p><strong>REENCAUCHADORA EL SOL <\/strong>ofrece el servicio para neum\u00e1ticos OTR con el sistema Orbitread, sistema mediante el cual diferentes compuestos de caucho caliente son colocados bajo presi\u00f3n y en forma continua sobre la carcasa del neum\u00e1tico. Esta capa de caucho s\u00f3lido es posteriormente vulcanizada y esculpida con una cuchilla especial para crear los dise\u00f1os adecuados de la nueva banda de rodamiento, brindando al usuario el tipo de reencauche de llantas\u00a0 requerido y apropiado para cada una de sus necesidades.<\/p>\n<p><a href=\"https:\/\/reencauchadoraelsol.com\/wp-content\/uploads\/2017\/08\/Reencauchadora_2.jpg\"><img decoding=\"async\" class=\"alignnone size-full wp-image-503 lazyload\" data-src=\"https:\/\/reencauchadoraelsol.com\/wp-content\/uploads\/2017\/08\/Reencauchadora_2.jpg\" alt=\"\" width=\"1920\" height=\"482\" data-srcset=\"https:\/\/reencauchadoraelsol.com\/wp-content\/uploads\/2017\/08\/Reencauchadora_2.jpg 1920w, https:\/\/reencauchadoraelsol.com\/wp-content\/uploads\/2017\/08\/Reencauchadora_2-800x201.jpg 800w, https:\/\/reencauchadoraelsol.com\/wp-content\/uploads\/2017\/08\/Reencauchadora_2-300x75.jpg 300w, https:\/\/reencauchadoraelsol.com\/wp-content\/uploads\/2017\/08\/Reencauchadora_2-768x193.jpg 768w, https:\/\/reencauchadoraelsol.com\/wp-content\/uploads\/2017\/08\/Reencauchadora_2-1024x257.jpg 1024w, https:\/\/reencauchadoraelsol.com\/wp-content\/uploads\/2017\/08\/Reencauchadora_2-500x126.jpg 500w\" data-sizes=\"(max-width: 1920px) 100vw, 1920px\" src=\"data:image\/svg+xml;base64,PHN2ZyB3aWR0aD0iMSIgaGVpZ2h0PSIxIiB4bWxucz0iaHR0cDovL3d3dy53My5vcmcvMjAwMC9zdmciPjwvc3ZnPg==\" style=\"--smush-placeholder-width: 1920px; --smush-placeholder-aspect-ratio: 1920\/482;\" \/><\/a><\/p>\n<p><strong>CUIDADO DEL MEDIO AMBIENTE \u2013 GAS NATURAL<\/strong><br \/>Reencauchadora El Sol es una empresa comprometida con el cuidado y la protecci\u00f3n del medio ambiente. Es por ello que, en nuestras calderas hemos reemplazado el uso de petr\u00f3leo diesel y residual por gas natural, el cual es un combustible mucho m\u00e1s limpio; emple\u00e1ndolo se reduce dr\u00e1sticamente la emisi\u00f3n de compuestos de azufre, residuos particulados y otras emisiones que contaminan el medio ambiente. Somos una de las primeras empresas reencauchadoras en el Per\u00fa, que utiliza gas natural en sus instalaciones.<\/p>\n\n\n<div style=\"height:24px\" aria-hidden=\"true\" class=\"wp-block-spacer\"><\/div>\n\n\n\n<center><iframe width=\"800\" height=\"555\" data-src=\"https:\/\/www.youtube.com\/embed\/0GyKI8hroEE?si=XEP39mHhL2G07tLy\" title=\"YouTube video player\" frameborder=\"0\" allow=\"accelerometer; autoplay; clipboard-write; encrypted-media; gyroscope; picture-in-picture; web-share\" referrerpolicy=\"strict-origin-when-cross-origin\" allowfullscreen src=\"data:image\/svg+xml;base64,PHN2ZyB3aWR0aD0iMSIgaGVpZ2h0PSIxIiB4bWxucz0iaHR0cDovL3d3dy53My5vcmcvMjAwMC9zdmciPjwvc3ZnPg==\" class=\"lazyload\" data-load-mode=\"1\"><\/iframe><\/center>\n\n\n\n<div style=\"height:70px\" aria-hidden=\"true\" class=\"wp-block-spacer\"><\/div>\n\n\n\n<h2 class=\"wp-block-heading\"><strong>BENEFICIOS DE REENCAUCHAR CON REENCAUCHADORA EL SOL<\/strong><\/h2>\n\n\n\n<p>1.- Contamos con una certificaci\u00f3n de calidad ISO 9001 otorgado por la empresa certificadora internacional SGS, lo cual es una garant\u00eda que trabajamos con procedimientos y controles estrictos de nuestros procesos para asegurar la calidad de nuestros productos y servicios.<\/p>\n\n\n\n<p>2.- Tenemos un equipo computarizado muy avanzado de inspecci\u00f3n de neum\u00e1ticos por Shearograf\u00eda, que nos permite detectar con mucha precisi\u00f3n cualquier falla o separaci\u00f3n interna de los neum\u00e1ticos.<\/p>\n\n\n\n<p>3.- Nuestro servicio de reencauche cuenta con garant\u00eda contra fallas de nuestro proceso.<\/p>\n\n\n\n<p>4.- Tenemos nuestra propia planta industrial con estrictos controles de aseguramiento de la calidad, donde producimos todos nuestros insumos para nuestro proceso de reencauche, lo que asegura un servicio eficiente y profesional.<\/p>\n\n\n\n<p>5.- Contamos con una amplia flota de veh\u00edculos y un sistema din\u00e1mico de recojo y entrega de neum\u00e1ticos para beneficio de nuestros clientes.<\/p>\n\n\n\n<p>6.- Tenemos establecido un tiempo \u00f3ptimo del servicio de reencauche en nuestra planta con el compromiso de entregar los neum\u00e1ticos reencauchados en el menor tiempo.<\/p>\n\n\n\n<p>7- Contamos con personal t\u00e9cnico calificado y nuestro proceso de reencauche cuenta con m\u00e1s de 80 a\u00f1os en el mercado, en beneficio de nuestros clientes.<\/p>\n\n\n\n<p>8.- Con nuestro servicio de reencauche, nuestros clientes pueden ahorrar m\u00e1s del 70% del costo de un neum\u00e1tico nuevo si solo reencauchan una sola vez.<\/p>\n\n\n\n<p>9.- Somos una empresa comprometida con el medio ambiente y hemos adaptado nuestros equipos para usar gas natural, el cual es un combustible m\u00e1s limpio; reduciendo as\u00ed la emisi\u00f3n de gases contaminantes. <\/p>\n","protected":false},"excerpt":{"rendered":"<p>REENCAUCHADORA EL SOL es una empresa peruana que desde 1942 brinda el mejor servicio de reparaci\u00f3n y reencauche para todo tipo de neum\u00e1ticos. La planta de reencauche de Reencauchadora el [&hellip;]<\/p>\n","protected":false},"author":5,"featured_media":0,"parent":0,"menu_order":0,"comment_status":"closed","ping_status":"closed","template":"","meta":{"footnotes":""},"class_list":["post-956","page","type-page","status-publish","hentry"],"yoast_head":"<!-- This site is optimized with the Yoast SEO plugin v27.3 - https:\/\/yoast.com\/product\/yoast-seo-wordpress\/ -->\n<title>Reencauche de llantas con Calidad ISO 9001 en Lima<\/title>\n<meta name=\"description\" content=\"Contamos con Garant\u00eda ISO 9001 en el servicio de Reparaci\u00f3n y Reencauche de llantas hasta aro de 63&quot;. Conoce m\u00e1s ingresando aqu\u00ed.\" \/>\n<meta name=\"robots\" content=\"index, follow, max-snippet:-1, max-image-preview:large, max-video-preview:-1\" \/>\n<link rel=\"canonical\" href=\"https:\/\/reencauchadoraelsol.com\/?page_id=956\" \/>\n<meta property=\"og:locale\" content=\"es_ES\" \/>\n<meta property=\"og:type\" content=\"article\" \/>\n<meta property=\"og:title\" content=\"Reencauche de llantas con Calidad ISO 9001 en Lima\" \/>\n<meta property=\"og:description\" content=\"Contamos con Garant\u00eda ISO 9001 en el servicio de Reparaci\u00f3n y Reencauche de llantas hasta aro de 63&quot;. Conoce m\u00e1s ingresando aqu\u00ed.\" \/>\n<meta property=\"og:url\" content=\"https:\/\/reencauchadoraelsol.com\/?page_id=956\" \/>\n<meta property=\"og:site_name\" content=\"Reencauchadora el Sol - Reencauche de llantas con Calidad ISO 9001\" \/>\n<meta property=\"article:publisher\" content=\"https:\/\/www.facebook.com\/reencauchadoraelsol\" \/>\n<meta property=\"article:modified_time\" content=\"2024-10-14T14:53:47+00:00\" \/>\n<meta property=\"og:image\" content=\"https:\/\/reencauchadoraelsol.com\/wp-content\/uploads\/2017\/08\/Reencauchadora_2.jpg\" \/>\n<meta name=\"twitter:card\" content=\"summary_large_image\" \/>\n<meta name=\"twitter:label1\" content=\"Tiempo de lectura\" \/>\n\t<meta name=\"twitter:data1\" content=\"3 minutos\" \/>\n<script type=\"application\/ld+json\" class=\"yoast-schema-graph\">{\"@context\":\"https:\\\/\\\/schema.org\",\"@graph\":[{\"@type\":\"WebPage\",\"@id\":\"https:\\\/\\\/reencauchadoraelsol.com\\\/?page_id=956\",\"url\":\"https:\\\/\\\/reencauchadoraelsol.com\\\/?page_id=956\",\"name\":\"Reencauche de llantas con Calidad ISO 9001 en Lima\",\"isPartOf\":{\"@id\":\"https:\\\/\\\/reencauchadoraelsol.com\\\/#website\"},\"primaryImageOfPage\":{\"@id\":\"https:\\\/\\\/reencauchadoraelsol.com\\\/?page_id=956#primaryimage\"},\"image\":{\"@id\":\"https:\\\/\\\/reencauchadoraelsol.com\\\/?page_id=956#primaryimage\"},\"thumbnailUrl\":\"https:\\\/\\\/reencauchadoraelsol.com\\\/wp-content\\\/uploads\\\/2017\\\/08\\\/Reencauchadora_2.jpg\",\"datePublished\":\"2020-03-30T00:52:54+00:00\",\"dateModified\":\"2024-10-14T14:53:47+00:00\",\"description\":\"Contamos con Garant\u00eda ISO 9001 en el servicio de Reparaci\u00f3n y Reencauche de llantas hasta aro de 63\\\". Conoce m\u00e1s ingresando aqu\u00ed.\",\"breadcrumb\":{\"@id\":\"https:\\\/\\\/reencauchadoraelsol.com\\\/?page_id=956#breadcrumb\"},\"inLanguage\":\"es\",\"potentialAction\":[{\"@type\":\"ReadAction\",\"target\":[\"https:\\\/\\\/reencauchadoraelsol.com\\\/?page_id=956\"]}]},{\"@type\":\"ImageObject\",\"inLanguage\":\"es\",\"@id\":\"https:\\\/\\\/reencauchadoraelsol.com\\\/?page_id=956#primaryimage\",\"url\":\"https:\\\/\\\/reencauchadoraelsol.com\\\/wp-content\\\/uploads\\\/2017\\\/08\\\/Reencauchadora_2.jpg\",\"contentUrl\":\"https:\\\/\\\/reencauchadoraelsol.com\\\/wp-content\\\/uploads\\\/2017\\\/08\\\/Reencauchadora_2.jpg\"},{\"@type\":\"BreadcrumbList\",\"@id\":\"https:\\\/\\\/reencauchadoraelsol.com\\\/?page_id=956#breadcrumb\",\"itemListElement\":[{\"@type\":\"ListItem\",\"position\":1,\"name\":\"Portada\",\"item\":\"https:\\\/\\\/reencauchadoraelsol.com\\\/\"},{\"@type\":\"ListItem\",\"position\":2,\"name\":\"Quienes Somos\"}]},{\"@type\":\"WebSite\",\"@id\":\"https:\\\/\\\/reencauchadoraelsol.com\\\/#website\",\"url\":\"https:\\\/\\\/reencauchadoraelsol.com\\\/\",\"name\":\"Reencauchadora el Sol - Reencauche de llantas con Calidad ISO 9001\",\"description\":\"Servicio de reparaci\u00f3n y reencauche de llantas con garant\u00eda ISO 9001\",\"publisher\":{\"@id\":\"https:\\\/\\\/reencauchadoraelsol.com\\\/#organization\"},\"potentialAction\":[{\"@type\":\"SearchAction\",\"target\":{\"@type\":\"EntryPoint\",\"urlTemplate\":\"https:\\\/\\\/reencauchadoraelsol.com\\\/?s={search_term_string}\"},\"query-input\":{\"@type\":\"PropertyValueSpecification\",\"valueRequired\":true,\"valueName\":\"search_term_string\"}}],\"inLanguage\":\"es\"},{\"@type\":\"Organization\",\"@id\":\"https:\\\/\\\/reencauchadoraelsol.com\\\/#organization\",\"name\":\"Reencauchadora el Sol - Reencauche de llantas con Calidad ISO 9001\",\"url\":\"https:\\\/\\\/reencauchadoraelsol.com\\\/\",\"logo\":{\"@type\":\"ImageObject\",\"inLanguage\":\"es\",\"@id\":\"https:\\\/\\\/reencauchadoraelsol.com\\\/#\\\/schema\\\/logo\\\/image\\\/\",\"url\":\"https:\\\/\\\/reencauchadoraelsol.com\\\/wp-content\\\/uploads\\\/2024\\\/05\\\/cropped-logo-reencauchadora-1.jpg\",\"contentUrl\":\"https:\\\/\\\/reencauchadoraelsol.com\\\/wp-content\\\/uploads\\\/2024\\\/05\\\/cropped-logo-reencauchadora-1.jpg\",\"width\":500,\"height\":108,\"caption\":\"Reencauchadora el Sol - Reencauche de llantas con Calidad ISO 9001\"},\"image\":{\"@id\":\"https:\\\/\\\/reencauchadoraelsol.com\\\/#\\\/schema\\\/logo\\\/image\\\/\"},\"sameAs\":[\"https:\\\/\\\/www.facebook.com\\\/reencauchadoraelsol\"]}]}<\/script>\n<!-- \/ Yoast SEO plugin. -->","yoast_head_json":{"title":"Reencauche de llantas con Calidad ISO 9001 en Lima","description":"Contamos con Garant\u00eda ISO 9001 en el servicio de Reparaci\u00f3n y Reencauche de llantas hasta aro de 63\". Conoce m\u00e1s ingresando aqu\u00ed.","robots":{"index":"index","follow":"follow","max-snippet":"max-snippet:-1","max-image-preview":"max-image-preview:large","max-video-preview":"max-video-preview:-1"},"canonical":"https:\/\/reencauchadoraelsol.com\/?page_id=956","og_locale":"es_ES","og_type":"article","og_title":"Reencauche de llantas con Calidad ISO 9001 en Lima","og_description":"Contamos con Garant\u00eda ISO 9001 en el servicio de Reparaci\u00f3n y Reencauche de llantas hasta aro de 63\". Conoce m\u00e1s ingresando aqu\u00ed.","og_url":"https:\/\/reencauchadoraelsol.com\/?page_id=956","og_site_name":"Reencauchadora el Sol - Reencauche de llantas con Calidad ISO 9001","article_publisher":"https:\/\/www.facebook.com\/reencauchadoraelsol","article_modified_time":"2024-10-14T14:53:47+00:00","og_image":[{"url":"https:\/\/reencauchadoraelsol.com\/wp-content\/uploads\/2017\/08\/Reencauchadora_2.jpg","type":"","width":"","height":""}],"twitter_card":"summary_large_image","twitter_misc":{"Tiempo de lectura":"3 minutos"},"schema":{"@context":"https:\/\/schema.org","@graph":[{"@type":"WebPage","@id":"https:\/\/reencauchadoraelsol.com\/?page_id=956","url":"https:\/\/reencauchadoraelsol.com\/?page_id=956","name":"Reencauche de llantas con Calidad ISO 9001 en Lima","isPartOf":{"@id":"https:\/\/reencauchadoraelsol.com\/#website"},"primaryImageOfPage":{"@id":"https:\/\/reencauchadoraelsol.com\/?page_id=956#primaryimage"},"image":{"@id":"https:\/\/reencauchadoraelsol.com\/?page_id=956#primaryimage"},"thumbnailUrl":"https:\/\/reencauchadoraelsol.com\/wp-content\/uploads\/2017\/08\/Reencauchadora_2.jpg","datePublished":"2020-03-30T00:52:54+00:00","dateModified":"2024-10-14T14:53:47+00:00","description":"Contamos con Garant\u00eda ISO 9001 en el servicio de Reparaci\u00f3n y Reencauche de llantas hasta aro de 63\". Conoce m\u00e1s ingresando aqu\u00ed.","breadcrumb":{"@id":"https:\/\/reencauchadoraelsol.com\/?page_id=956#breadcrumb"},"inLanguage":"es","potentialAction":[{"@type":"ReadAction","target":["https:\/\/reencauchadoraelsol.com\/?page_id=956"]}]},{"@type":"ImageObject","inLanguage":"es","@id":"https:\/\/reencauchadoraelsol.com\/?page_id=956#primaryimage","url":"https:\/\/reencauchadoraelsol.com\/wp-content\/uploads\/2017\/08\/Reencauchadora_2.jpg","contentUrl":"https:\/\/reencauchadoraelsol.com\/wp-content\/uploads\/2017\/08\/Reencauchadora_2.jpg"},{"@type":"BreadcrumbList","@id":"https:\/\/reencauchadoraelsol.com\/?page_id=956#breadcrumb","itemListElement":[{"@type":"ListItem","position":1,"name":"Portada","item":"https:\/\/reencauchadoraelsol.com\/"},{"@type":"ListItem","position":2,"name":"Quienes Somos"}]},{"@type":"WebSite","@id":"https:\/\/reencauchadoraelsol.com\/#website","url":"https:\/\/reencauchadoraelsol.com\/","name":"Reencauchadora el Sol - Reencauche de llantas con Calidad ISO 9001","description":"Servicio de reparaci\u00f3n y reencauche de llantas con garant\u00eda ISO 9001","publisher":{"@id":"https:\/\/reencauchadoraelsol.com\/#organization"},"potentialAction":[{"@type":"SearchAction","target":{"@type":"EntryPoint","urlTemplate":"https:\/\/reencauchadoraelsol.com\/?s={search_term_string}"},"query-input":{"@type":"PropertyValueSpecification","valueRequired":true,"valueName":"search_term_string"}}],"inLanguage":"es"},{"@type":"Organization","@id":"https:\/\/reencauchadoraelsol.com\/#organization","name":"Reencauchadora el Sol - Reencauche de llantas con Calidad ISO 9001","url":"https:\/\/reencauchadoraelsol.com\/","logo":{"@type":"ImageObject","inLanguage":"es","@id":"https:\/\/reencauchadoraelsol.com\/#\/schema\/logo\/image\/","url":"https:\/\/reencauchadoraelsol.com\/wp-content\/uploads\/2024\/05\/cropped-logo-reencauchadora-1.jpg","contentUrl":"https:\/\/reencauchadoraelsol.com\/wp-content\/uploads\/2024\/05\/cropped-logo-reencauchadora-1.jpg","width":500,"height":108,"caption":"Reencauchadora el Sol - Reencauche de llantas con Calidad ISO 9001"},"image":{"@id":"https:\/\/reencauchadoraelsol.com\/#\/schema\/logo\/image\/"},"sameAs":["https:\/\/www.facebook.com\/reencauchadoraelsol"]}]}},"_links":{"self":[{"href":"https:\/\/reencauchadoraelsol.com\/index.php?rest_route=\/wp\/v2\/pages\/956","targetHints":{"allow":["GET"]}}],"collection":[{"href":"https:\/\/reencauchadoraelsol.com\/index.php?rest_route=\/wp\/v2\/pages"}],"about":[{"href":"https:\/\/reencauchadoraelsol.com\/index.php?rest_route=\/wp\/v2\/types\/page"}],"author":[{"embeddable":true,"href":"https:\/\/reencauchadoraelsol.com\/index.php?rest_route=\/wp\/v2\/users\/5"}],"replies":[{"embeddable":true,"href":"https:\/\/reencauchadoraelsol.com\/index.php?rest_route=%2Fwp%2Fv2%2Fcomments&post=956"}],"version-history":[{"count":0,"href":"https:\/\/reencauchadoraelsol.com\/index.php?rest_route=\/wp\/v2\/pages\/956\/revisions"}],"wp:attachment":[{"href":"https:\/\/reencauchadoraelsol.com\/index.php?rest_route=%2Fwp%2Fv2%2Fmedia&parent=956"}],"curies":[{"name":"wp","href":"https:\/\/api.w.org\/{rel}","templated":true}]}}