{"id":458,"date":"2017-08-22T11:33:35","date_gmt":"2017-08-22T16:33:35","guid":{"rendered":"https:\/\/reencauchadoraelsol.com\/?page_id=458"},"modified":"2025-06-30T15:28:45","modified_gmt":"2025-06-30T20:28:45","slug":"certificacion-iso-9001","status":"publish","type":"page","link":"https:\/\/reencauchadoraelsol.com\/?page_id=458","title":{"rendered":"Reencauchadora El Sol &#8211; ISO 9001"},"content":{"rendered":"<div class=\"wp-block-image\">\n<figure class=\"aligncenter size-full\"><a href=\"https:\/\/reencauchadoraelsol.com\/wp-content\/uploads\/2023\/06\/cropped-logo-iso-80-anos.png\"><img decoding=\"async\" width=\"527\" height=\"100\" data-src=\"https:\/\/reencauchadoraelsol.com\/wp-content\/uploads\/2023\/06\/cropped-logo-iso-80-anos.png\" alt=\"logo-iso-80-a\u00f1os\" class=\"wp-image-3192 lazyload\" data-srcset=\"https:\/\/reencauchadoraelsol.com\/wp-content\/uploads\/2023\/06\/cropped-logo-iso-80-anos.png 527w, https:\/\/reencauchadoraelsol.com\/wp-content\/uploads\/2023\/06\/cropped-logo-iso-80-anos-300x57.png 300w\" data-sizes=\"(max-width: 527px) 100vw, 527px\" src=\"data:image\/svg+xml;base64,PHN2ZyB3aWR0aD0iMSIgaGVpZ2h0PSIxIiB4bWxucz0iaHR0cDovL3d3dy53My5vcmcvMjAwMC9zdmciPjwvc3ZnPg==\" style=\"--smush-placeholder-width: 527px; --smush-placeholder-aspect-ratio: 527\/100;\" \/><\/a><\/figure>\n<\/div>\n\n\n<div style=\"height:38px\" aria-hidden=\"true\" class=\"wp-block-spacer\"><\/div>\n\n\n\n<p>Nuestros m\u00e1s de 70 a\u00f1os de experiencia, sumado a nuestro personal altamente calificado y nuestra moderna planta de reencauche, nos permiten realizar un servicio de calidad en cada uno de los reencauches que realizamos. <\/p>\n\n\n\n<p>Nuestra incansable b\u00fasqueda de mejora continua nos impulsa a ser cada vez m\u00e1s eficientes en nuestro trabajo, es por eso que contamos con el <strong>Certificado ISO 9001 en: Servicio de Reparaci\u00f3n y Reencauche de Neum\u00e1ticos OTR, Industrial, Cami\u00f3n, Bus y Camioneta.<\/strong><\/p>\n\n\n\n<div style=\"height:44px\" aria-hidden=\"true\" class=\"wp-block-spacer\"><\/div>\n\n\n\n<p class=\"has-medium-font-size\"><strong>\u00bfQu\u00e9 es la Norma ISO 9001?<\/strong><\/p>\n\n\n\n<div style=\"height:35px\" aria-hidden=\"true\" class=\"wp-block-spacer\"><\/div>\n\n\n\n<div class=\"wp-block-columns is-layout-flex wp-container-core-columns-is-layout-28f84493 wp-block-columns-is-layout-flex\">\n<div class=\"wp-block-column is-layout-flow wp-block-column-is-layout-flow\"><div class=\"wp-block-image\">\n<figure class=\"aligncenter size-full\"><a href=\"https:\/\/www.sgs.com\/es-pe\/nuestra-empresa\/acerca-de-sgs\" target=\"_blank\" rel=\"noreferrer noopener\"><img decoding=\"async\" width=\"195\" height=\"170\" data-src=\"https:\/\/reencauchadoraelsol.com\/wp-content\/uploads\/2023\/06\/logo-iso.png\" alt=\"logo-iso\" class=\"wp-image-3207 lazyload\" src=\"data:image\/svg+xml;base64,PHN2ZyB3aWR0aD0iMSIgaGVpZ2h0PSIxIiB4bWxucz0iaHR0cDovL3d3dy53My5vcmcvMjAwMC9zdmciPjwvc3ZnPg==\" style=\"--smush-placeholder-width: 195px; --smush-placeholder-aspect-ratio: 195\/170;\" \/><\/a><\/figure>\n<\/div><\/div>\n\n\n\n<div class=\"wp-block-column is-layout-flow wp-block-column-is-layout-flow\">\n<p>La norma&nbsp;ISO 9001&nbsp;es la norma sobre gesti\u00f3n de la&nbsp;calidad&nbsp;con mayor reconocimiento en todo el mundo. Promueve la adopci\u00f3n de un enfoque basado en procesos cuando se desarrolla, implementa y mejora la eficacia de un sistema de gesti\u00f3n de la calidad, para aumentar la satisfacci\u00f3n del cliente mediante el cumplimiento de sus requisitos\u00bb. <\/p>\n<\/div>\n<\/div>\n\n\n\n<div style=\"height:38px\" aria-hidden=\"true\" class=\"wp-block-spacer\"><\/div>\n\n\n<div class=\"wp-block-image\">\n<figure class=\"aligncenter size-large\"><a href=\"https:\/\/reencauchadoraelsol.com\/wp-content\/uploads\/2025\/06\/CERTIFICADO-ISO-JUN-2025.png\"><img decoding=\"async\" width=\"748\" height=\"1024\" data-src=\"https:\/\/reencauchadoraelsol.com\/wp-content\/uploads\/2025\/06\/CERTIFICADO-ISO-JUN-2025-748x1024.png\" alt=\"rs CERTIFICADO ISO JUN 2025\" class=\"wp-image-5617 lazyload\" data-srcset=\"https:\/\/reencauchadoraelsol.com\/wp-content\/uploads\/2025\/06\/CERTIFICADO-ISO-JUN-2025-748x1024.png 748w, https:\/\/reencauchadoraelsol.com\/wp-content\/uploads\/2025\/06\/CERTIFICADO-ISO-JUN-2025-219x300.png 219w, https:\/\/reencauchadoraelsol.com\/wp-content\/uploads\/2025\/06\/CERTIFICADO-ISO-JUN-2025-768x1051.png 768w, https:\/\/reencauchadoraelsol.com\/wp-content\/uploads\/2025\/06\/CERTIFICADO-ISO-JUN-2025-575x787.png 575w, https:\/\/reencauchadoraelsol.com\/wp-content\/uploads\/2025\/06\/CERTIFICADO-ISO-JUN-2025-380x520.png 380w, https:\/\/reencauchadoraelsol.com\/wp-content\/uploads\/2025\/06\/CERTIFICADO-ISO-JUN-2025-800x1095.png 800w, https:\/\/reencauchadoraelsol.com\/wp-content\/uploads\/2025\/06\/CERTIFICADO-ISO-JUN-2025.png 891w\" data-sizes=\"(max-width: 748px) 100vw, 748px\" src=\"data:image\/svg+xml;base64,PHN2ZyB3aWR0aD0iMSIgaGVpZ2h0PSIxIiB4bWxucz0iaHR0cDovL3d3dy53My5vcmcvMjAwMC9zdmciPjwvc3ZnPg==\" style=\"--smush-placeholder-width: 748px; --smush-placeholder-aspect-ratio: 748\/1024;\" \/><\/a><\/figure>\n<\/div>","protected":false},"excerpt":{"rendered":"<p>Nuestros m\u00e1s de 70 a\u00f1os de experiencia, sumado a nuestro personal altamente calificado y nuestra moderna planta de reencauche, nos permiten realizar un servicio de calidad en cada uno de [&hellip;]<\/p>\n","protected":false},"author":5,"featured_media":0,"parent":0,"menu_order":3,"comment_status":"closed","ping_status":"closed","template":"","meta":{"footnotes":""},"class_list":["post-458","page","type-page","status-publish","hentry"],"yoast_head":"<!-- This site is optimized with the Yoast SEO plugin v27.3 - https:\/\/yoast.com\/product\/yoast-seo-wordpress\/ -->\n<title>Reencauchadora el Sol - Contamos con Garant\u00eda ISO 9001<\/title>\n<meta name=\"description\" content=\"Contamos con Garant\u00eda ISO 9001 en el servicio de Reparaci\u00f3n y Reencauche de llantas hasta aro de 63&quot;. M\u00e1s de 70 a\u00f1os de experiencia.\" \/>\n<meta name=\"robots\" content=\"index, follow, max-snippet:-1, max-image-preview:large, max-video-preview:-1\" \/>\n<link rel=\"canonical\" href=\"https:\/\/reencauchadoraelsol.com\/?page_id=458\" \/>\n<meta property=\"og:locale\" content=\"es_ES\" \/>\n<meta property=\"og:type\" content=\"article\" \/>\n<meta property=\"og:title\" content=\"Reencauchadora el Sol - Contamos con Garant\u00eda ISO 9001\" \/>\n<meta property=\"og:description\" content=\"Contamos con Garant\u00eda ISO 9001 en el servicio de Reparaci\u00f3n y Reencauche de llantas hasta aro de 63&quot;. M\u00e1s de 70 a\u00f1os de experiencia.\" \/>\n<meta property=\"og:url\" content=\"https:\/\/reencauchadoraelsol.com\/?page_id=458\" \/>\n<meta property=\"og:site_name\" content=\"Reencauchadora el Sol - Reencauche de llantas con Calidad ISO 9001\" \/>\n<meta property=\"article:publisher\" content=\"https:\/\/www.facebook.com\/reencauchadoraelsol\" \/>\n<meta property=\"article:modified_time\" content=\"2025-06-30T20:28:45+00:00\" \/>\n<meta property=\"og:image\" content=\"https:\/\/reencauchadoraelsol.com\/wp-content\/uploads\/2023\/06\/cropped-logo-iso-80-anos.png\" \/>\n<meta name=\"twitter:card\" content=\"summary_large_image\" \/>\n<meta name=\"twitter:label1\" content=\"Tiempo de lectura\" \/>\n\t<meta name=\"twitter:data1\" content=\"2 minutos\" \/>\n<script type=\"application\/ld+json\" class=\"yoast-schema-graph\">{\"@context\":\"https:\\\/\\\/schema.org\",\"@graph\":[{\"@type\":\"WebPage\",\"@id\":\"https:\\\/\\\/reencauchadoraelsol.com\\\/?page_id=458\",\"url\":\"https:\\\/\\\/reencauchadoraelsol.com\\\/?page_id=458\",\"name\":\"Reencauchadora el Sol - Contamos con Garant\u00eda ISO 9001\",\"isPartOf\":{\"@id\":\"https:\\\/\\\/reencauchadoraelsol.com\\\/#website\"},\"primaryImageOfPage\":{\"@id\":\"https:\\\/\\\/reencauchadoraelsol.com\\\/?page_id=458#primaryimage\"},\"image\":{\"@id\":\"https:\\\/\\\/reencauchadoraelsol.com\\\/?page_id=458#primaryimage\"},\"thumbnailUrl\":\"https:\\\/\\\/reencauchadoraelsol.com\\\/wp-content\\\/uploads\\\/2023\\\/06\\\/cropped-logo-iso-80-anos.png\",\"datePublished\":\"2017-08-22T16:33:35+00:00\",\"dateModified\":\"2025-06-30T20:28:45+00:00\",\"description\":\"Contamos con Garant\u00eda ISO 9001 en el servicio de Reparaci\u00f3n y Reencauche de llantas hasta aro de 63\\\". M\u00e1s de 70 a\u00f1os de experiencia.\",\"breadcrumb\":{\"@id\":\"https:\\\/\\\/reencauchadoraelsol.com\\\/?page_id=458#breadcrumb\"},\"inLanguage\":\"es\",\"potentialAction\":[{\"@type\":\"ReadAction\",\"target\":[\"https:\\\/\\\/reencauchadoraelsol.com\\\/?page_id=458\"]}]},{\"@type\":\"ImageObject\",\"inLanguage\":\"es\",\"@id\":\"https:\\\/\\\/reencauchadoraelsol.com\\\/?page_id=458#primaryimage\",\"url\":\"https:\\\/\\\/reencauchadoraelsol.com\\\/wp-content\\\/uploads\\\/2023\\\/06\\\/cropped-logo-iso-80-anos.png\",\"contentUrl\":\"https:\\\/\\\/reencauchadoraelsol.com\\\/wp-content\\\/uploads\\\/2023\\\/06\\\/cropped-logo-iso-80-anos.png\"},{\"@type\":\"BreadcrumbList\",\"@id\":\"https:\\\/\\\/reencauchadoraelsol.com\\\/?page_id=458#breadcrumb\",\"itemListElement\":[{\"@type\":\"ListItem\",\"position\":1,\"name\":\"Portada\",\"item\":\"https:\\\/\\\/reencauchadoraelsol.com\\\/\"},{\"@type\":\"ListItem\",\"position\":2,\"name\":\"Reencauchadora El Sol &#8211; ISO 9001\"}]},{\"@type\":\"WebSite\",\"@id\":\"https:\\\/\\\/reencauchadoraelsol.com\\\/#website\",\"url\":\"https:\\\/\\\/reencauchadoraelsol.com\\\/\",\"name\":\"Reencauchadora el Sol - Reencauche de llantas con Calidad ISO 9001\",\"description\":\"Servicio de reparaci\u00f3n y reencauche de llantas con garant\u00eda ISO 9001\",\"publisher\":{\"@id\":\"https:\\\/\\\/reencauchadoraelsol.com\\\/#organization\"},\"potentialAction\":[{\"@type\":\"SearchAction\",\"target\":{\"@type\":\"EntryPoint\",\"urlTemplate\":\"https:\\\/\\\/reencauchadoraelsol.com\\\/?s={search_term_string}\"},\"query-input\":{\"@type\":\"PropertyValueSpecification\",\"valueRequired\":true,\"valueName\":\"search_term_string\"}}],\"inLanguage\":\"es\"},{\"@type\":\"Organization\",\"@id\":\"https:\\\/\\\/reencauchadoraelsol.com\\\/#organization\",\"name\":\"Reencauchadora el Sol - Reencauche de llantas con Calidad ISO 9001\",\"url\":\"https:\\\/\\\/reencauchadoraelsol.com\\\/\",\"logo\":{\"@type\":\"ImageObject\",\"inLanguage\":\"es\",\"@id\":\"https:\\\/\\\/reencauchadoraelsol.com\\\/#\\\/schema\\\/logo\\\/image\\\/\",\"url\":\"https:\\\/\\\/reencauchadoraelsol.com\\\/wp-content\\\/uploads\\\/2024\\\/05\\\/cropped-logo-reencauchadora-1.jpg\",\"contentUrl\":\"https:\\\/\\\/reencauchadoraelsol.com\\\/wp-content\\\/uploads\\\/2024\\\/05\\\/cropped-logo-reencauchadora-1.jpg\",\"width\":500,\"height\":108,\"caption\":\"Reencauchadora el Sol - Reencauche de llantas con Calidad ISO 9001\"},\"image\":{\"@id\":\"https:\\\/\\\/reencauchadoraelsol.com\\\/#\\\/schema\\\/logo\\\/image\\\/\"},\"sameAs\":[\"https:\\\/\\\/www.facebook.com\\\/reencauchadoraelsol\"]}]}<\/script>\n<!-- \/ Yoast SEO plugin. -->","yoast_head_json":{"title":"Reencauchadora el Sol - Contamos con Garant\u00eda ISO 9001","description":"Contamos con Garant\u00eda ISO 9001 en el servicio de Reparaci\u00f3n y Reencauche de llantas hasta aro de 63\". M\u00e1s de 70 a\u00f1os de experiencia.","robots":{"index":"index","follow":"follow","max-snippet":"max-snippet:-1","max-image-preview":"max-image-preview:large","max-video-preview":"max-video-preview:-1"},"canonical":"https:\/\/reencauchadoraelsol.com\/?page_id=458","og_locale":"es_ES","og_type":"article","og_title":"Reencauchadora el Sol - Contamos con Garant\u00eda ISO 9001","og_description":"Contamos con Garant\u00eda ISO 9001 en el servicio de Reparaci\u00f3n y Reencauche de llantas hasta aro de 63\". M\u00e1s de 70 a\u00f1os de experiencia.","og_url":"https:\/\/reencauchadoraelsol.com\/?page_id=458","og_site_name":"Reencauchadora el Sol - Reencauche de llantas con Calidad ISO 9001","article_publisher":"https:\/\/www.facebook.com\/reencauchadoraelsol","article_modified_time":"2025-06-30T20:28:45+00:00","og_image":[{"url":"https:\/\/reencauchadoraelsol.com\/wp-content\/uploads\/2023\/06\/cropped-logo-iso-80-anos.png","type":"","width":"","height":""}],"twitter_card":"summary_large_image","twitter_misc":{"Tiempo de lectura":"2 minutos"},"schema":{"@context":"https:\/\/schema.org","@graph":[{"@type":"WebPage","@id":"https:\/\/reencauchadoraelsol.com\/?page_id=458","url":"https:\/\/reencauchadoraelsol.com\/?page_id=458","name":"Reencauchadora el Sol - Contamos con Garant\u00eda ISO 9001","isPartOf":{"@id":"https:\/\/reencauchadoraelsol.com\/#website"},"primaryImageOfPage":{"@id":"https:\/\/reencauchadoraelsol.com\/?page_id=458#primaryimage"},"image":{"@id":"https:\/\/reencauchadoraelsol.com\/?page_id=458#primaryimage"},"thumbnailUrl":"https:\/\/reencauchadoraelsol.com\/wp-content\/uploads\/2023\/06\/cropped-logo-iso-80-anos.png","datePublished":"2017-08-22T16:33:35+00:00","dateModified":"2025-06-30T20:28:45+00:00","description":"Contamos con Garant\u00eda ISO 9001 en el servicio de Reparaci\u00f3n y Reencauche de llantas hasta aro de 63\". M\u00e1s de 70 a\u00f1os de experiencia.","breadcrumb":{"@id":"https:\/\/reencauchadoraelsol.com\/?page_id=458#breadcrumb"},"inLanguage":"es","potentialAction":[{"@type":"ReadAction","target":["https:\/\/reencauchadoraelsol.com\/?page_id=458"]}]},{"@type":"ImageObject","inLanguage":"es","@id":"https:\/\/reencauchadoraelsol.com\/?page_id=458#primaryimage","url":"https:\/\/reencauchadoraelsol.com\/wp-content\/uploads\/2023\/06\/cropped-logo-iso-80-anos.png","contentUrl":"https:\/\/reencauchadoraelsol.com\/wp-content\/uploads\/2023\/06\/cropped-logo-iso-80-anos.png"},{"@type":"BreadcrumbList","@id":"https:\/\/reencauchadoraelsol.com\/?page_id=458#breadcrumb","itemListElement":[{"@type":"ListItem","position":1,"name":"Portada","item":"https:\/\/reencauchadoraelsol.com\/"},{"@type":"ListItem","position":2,"name":"Reencauchadora El Sol &#8211; ISO 9001"}]},{"@type":"WebSite","@id":"https:\/\/reencauchadoraelsol.com\/#website","url":"https:\/\/reencauchadoraelsol.com\/","name":"Reencauchadora el Sol - Reencauche de llantas con Calidad ISO 9001","description":"Servicio de reparaci\u00f3n y reencauche de llantas con garant\u00eda ISO 9001","publisher":{"@id":"https:\/\/reencauchadoraelsol.com\/#organization"},"potentialAction":[{"@type":"SearchAction","target":{"@type":"EntryPoint","urlTemplate":"https:\/\/reencauchadoraelsol.com\/?s={search_term_string}"},"query-input":{"@type":"PropertyValueSpecification","valueRequired":true,"valueName":"search_term_string"}}],"inLanguage":"es"},{"@type":"Organization","@id":"https:\/\/reencauchadoraelsol.com\/#organization","name":"Reencauchadora el Sol - Reencauche de llantas con Calidad ISO 9001","url":"https:\/\/reencauchadoraelsol.com\/","logo":{"@type":"ImageObject","inLanguage":"es","@id":"https:\/\/reencauchadoraelsol.com\/#\/schema\/logo\/image\/","url":"https:\/\/reencauchadoraelsol.com\/wp-content\/uploads\/2024\/05\/cropped-logo-reencauchadora-1.jpg","contentUrl":"https:\/\/reencauchadoraelsol.com\/wp-content\/uploads\/2024\/05\/cropped-logo-reencauchadora-1.jpg","width":500,"height":108,"caption":"Reencauchadora el Sol - Reencauche de llantas con Calidad ISO 9001"},"image":{"@id":"https:\/\/reencauchadoraelsol.com\/#\/schema\/logo\/image\/"},"sameAs":["https:\/\/www.facebook.com\/reencauchadoraelsol"]}]}},"_links":{"self":[{"href":"https:\/\/reencauchadoraelsol.com\/index.php?rest_route=\/wp\/v2\/pages\/458","targetHints":{"allow":["GET"]}}],"collection":[{"href":"https:\/\/reencauchadoraelsol.com\/index.php?rest_route=\/wp\/v2\/pages"}],"about":[{"href":"https:\/\/reencauchadoraelsol.com\/index.php?rest_route=\/wp\/v2\/types\/page"}],"author":[{"embeddable":true,"href":"https:\/\/reencauchadoraelsol.com\/index.php?rest_route=\/wp\/v2\/users\/5"}],"replies":[{"embeddable":true,"href":"https:\/\/reencauchadoraelsol.com\/index.php?rest_route=%2Fwp%2Fv2%2Fcomments&post=458"}],"version-history":[{"count":0,"href":"https:\/\/reencauchadoraelsol.com\/index.php?rest_route=\/wp\/v2\/pages\/458\/revisions"}],"wp:attachment":[{"href":"https:\/\/reencauchadoraelsol.com\/index.php?rest_route=%2Fwp%2Fv2%2Fmedia&parent=458"}],"curies":[{"name":"wp","href":"https:\/\/api.w.org\/{rel}","templated":true}]}}