{"id":2253,"date":"2022-08-20T12:26:05","date_gmt":"2022-08-20T17:26:05","guid":{"rendered":"https:\/\/reencauchadoraelsol.com\/?page_id=2253"},"modified":"2022-08-20T12:26:27","modified_gmt":"2022-08-20T17:26:27","slug":"llantas-camara-guardacamara","status":"publish","type":"page","link":"https:\/\/reencauchadoraelsol.com\/?page_id=2253","title":{"rendered":"Llantas"},"content":{"rendered":"\n<p>Contamos con Llantas S\u00f3lidas, c\u00e1maras, guardacamaras: <\/p>\n\n\n\n<hr class=\"wp-block-separator\"\/>\n\n\n\n<div class=\"wp-block-group alignwide\"><div class=\"wp-block-group__inner-container is-layout-flow wp-block-group-is-layout-flow\">\n<div class=\"wp-block-columns alignwide is-layout-flex wp-container-core-columns-is-layout-28f84493 wp-block-columns-is-layout-flex\">\n<div class=\"wp-block-column is-vertically-aligned-bottom is-layout-flow wp-block-column-is-layout-flow\">\n<figure class=\"wp-block-image size-full\"><a href=\"https:\/\/reencauchadoraelsol.com\/llantas-solidas\/\"><img decoding=\"async\" width=\"300\" height=\"250\" data-src=\"https:\/\/reencauchadoraelsol.com\/wp-content\/uploads\/2022\/08\/SOLIDA-1.jpg\" alt=\"llantas solidas s\u00f3lidas \" class=\"wp-image-2255 lazyload\" src=\"data:image\/svg+xml;base64,PHN2ZyB3aWR0aD0iMSIgaGVpZ2h0PSIxIiB4bWxucz0iaHR0cDovL3d3dy53My5vcmcvMjAwMC9zdmciPjwvc3ZnPg==\" style=\"--smush-placeholder-width: 300px; --smush-placeholder-aspect-ratio: 300\/250;\" \/><\/a><\/figure>\n<\/div>\n\n\n\n<div class=\"wp-block-column is-layout-flow wp-block-column-is-layout-flow\">\n<figure class=\"wp-block-image size-full is-resized\"><a href=\"https:\/\/reencauchadoraelsol.com\/camaras\/\"><img decoding=\"async\" data-src=\"https:\/\/reencauchadoraelsol.com\/wp-content\/uploads\/2022\/08\/CAMARA.jpg\" alt=\"camaras para llanta\" class=\"wp-image-2256 lazyload\" width=\"290\" height=\"176\" data-srcset=\"https:\/\/reencauchadoraelsol.com\/wp-content\/uploads\/2022\/08\/CAMARA.jpg 700w, https:\/\/reencauchadoraelsol.com\/wp-content\/uploads\/2022\/08\/CAMARA-300x183.jpg 300w\" data-sizes=\"(max-width: 290px) 100vw, 290px\" src=\"data:image\/svg+xml;base64,PHN2ZyB3aWR0aD0iMSIgaGVpZ2h0PSIxIiB4bWxucz0iaHR0cDovL3d3dy53My5vcmcvMjAwMC9zdmciPjwvc3ZnPg==\" style=\"--smush-placeholder-width: 290px; --smush-placeholder-aspect-ratio: 290\/176;\" \/><\/a><\/figure>\n<\/div>\n\n\n\n<div class=\"wp-block-column is-layout-flow wp-block-column-is-layout-flow\">\n<figure class=\"wp-block-image size-full is-resized\"><a href=\"https:\/\/reencauchadoraelsol.com\/guardacamaras\/\"><img decoding=\"async\" data-src=\"https:\/\/reencauchadoraelsol.com\/wp-content\/uploads\/2022\/08\/reenca.jpg\" alt=\"guardacamaras protectores de camara para llanta\" class=\"wp-image-2257 lazyload\" width=\"376\" height=\"174\" data-srcset=\"https:\/\/reencauchadoraelsol.com\/wp-content\/uploads\/2022\/08\/reenca.jpg 680w, https:\/\/reencauchadoraelsol.com\/wp-content\/uploads\/2022\/08\/reenca-300x139.jpg 300w\" data-sizes=\"(max-width: 376px) 100vw, 376px\" src=\"data:image\/svg+xml;base64,PHN2ZyB3aWR0aD0iMSIgaGVpZ2h0PSIxIiB4bWxucz0iaHR0cDovL3d3dy53My5vcmcvMjAwMC9zdmciPjwvc3ZnPg==\" style=\"--smush-placeholder-width: 376px; --smush-placeholder-aspect-ratio: 376\/174;\" \/><\/a><\/figure>\n<\/div>\n<\/div>\n<\/div><\/div>\n\n\n\n<div class=\"wp-block-columns is-layout-flex wp-container-core-columns-is-layout-28f84493 wp-block-columns-is-layout-flex\">\n<div class=\"wp-block-column is-layout-flow wp-block-column-is-layout-flow\">\n<p class=\"has-text-align-left has-medium-font-size\"><strong><mark style=\"background-color:rgba(0, 0, 0, 0)\" class=\"has-inline-color has-vivid-red-color\"><a href=\"https:\/\/reencauchadoraelsol.com\/llantas-solidas\/\" target=\"_blank\" rel=\"noreferrer noopener\">Llantas S\u00f3lidas<\/a><\/mark><\/strong><\/p>\n<\/div>\n\n\n\n<div class=\"wp-block-column is-layout-flow wp-block-column-is-layout-flow\">\n<p class=\"has-text-align-left has-medium-font-size\"><strong><mark style=\"background-color:rgba(0, 0, 0, 0)\" class=\"has-inline-color has-vivid-red-color\"><a href=\"https:\/\/reencauchadoraelsol.com\/camaras\/\">C\u00e1maras<\/a><\/mark><\/strong><\/p>\n<\/div>\n\n\n\n<div class=\"wp-block-column is-layout-flow wp-block-column-is-layout-flow\">\n<p class=\"has-text-align-left has-medium-font-size\"><strong><mark style=\"background-color:rgba(0, 0, 0, 0)\" class=\"has-inline-color has-vivid-red-color\"><a href=\"https:\/\/reencauchadoraelsol.com\/guardacamaras\/\">Guardacamaras<\/a><\/mark><\/strong><\/p>\n<\/div>\n<\/div>\n\n\n\n<hr class=\"wp-block-separator\"\/>\n\n\n\n<div class=\"wp-block-buttons is-content-justification-center is-layout-flex wp-container-core-buttons-is-layout-a89b3969 wp-block-buttons-is-layout-flex\">\n<div class=\"wp-block-button has-custom-width wp-block-button__width-75 has-custom-font-size has-small-font-size\"><a class=\"wp-block-button__link has-black-color has-text-color has-background\" href=\"https:\/\/reencauchadoraelsol.com\/productos\/\" style=\"background:linear-gradient(135deg,rgb(238,238,238) 12%,rgb(169,184,195) 100%)\">VER TODOS NUESTROS PRODUCTOS<\/a><\/div>\n<\/div>\n\n\n\n<hr class=\"wp-block-separator\"\/>\n\n\n\n<p><\/p>\n","protected":false},"excerpt":{"rendered":"<p>Contamos con Llantas S\u00f3lidas, c\u00e1maras, guardacamaras: Llantas S\u00f3lidas C\u00e1maras Guardacamaras<\/p>\n","protected":false},"author":5,"featured_media":2254,"parent":0,"menu_order":0,"comment_status":"closed","ping_status":"closed","template":"","meta":{"footnotes":""},"class_list":["post-2253","page","type-page","status-publish","has-post-thumbnail","hentry"],"yoast_head":"<!-- This site is optimized with the Yoast SEO plugin v27.3 - https:\/\/yoast.com\/product\/yoast-seo-wordpress\/ -->\n<title>Llantas - Reencauchadora el Sol - Reencauche de llantas con Calidad ISO 9001<\/title>\n<meta name=\"description\" content=\"Contamos con Garant\u00eda ISO 9001 en el servicio de Reparaci\u00f3n y Reencauche de llantas hasta aro de 63&quot;. M\u00e1s de 70 a\u00f1os de experiencia nos respaldan.\" \/>\n<meta name=\"robots\" content=\"index, follow, max-snippet:-1, max-image-preview:large, max-video-preview:-1\" \/>\n<link rel=\"canonical\" href=\"https:\/\/reencauchadoraelsol.com\/?page_id=2253\" \/>\n<meta property=\"og:locale\" content=\"es_ES\" \/>\n<meta property=\"og:type\" content=\"article\" \/>\n<meta property=\"og:title\" content=\"Llantas - Reencauchadora el Sol - Reencauche de llantas con Calidad ISO 9001\" \/>\n<meta property=\"og:description\" content=\"Contamos con Garant\u00eda ISO 9001 en el servicio de Reparaci\u00f3n y Reencauche de llantas hasta aro de 63&quot;. M\u00e1s de 70 a\u00f1os de experiencia nos respaldan.\" \/>\n<meta property=\"og:url\" content=\"https:\/\/reencauchadoraelsol.com\/?page_id=2253\" \/>\n<meta property=\"og:site_name\" content=\"Reencauchadora el Sol - Reencauche de llantas con Calidad ISO 9001\" \/>\n<meta property=\"article:publisher\" content=\"https:\/\/www.facebook.com\/reencauchadoraelsol\" \/>\n<meta property=\"article:modified_time\" content=\"2022-08-20T17:26:27+00:00\" \/>\n<meta property=\"og:image\" content=\"https:\/\/reencauchadoraelsol.com\/wp-content\/uploads\/2022\/08\/SOLIDA.jpg\" \/>\n\t<meta property=\"og:image:width\" content=\"300\" \/>\n\t<meta property=\"og:image:height\" content=\"250\" \/>\n\t<meta property=\"og:image:type\" content=\"image\/jpeg\" \/>\n<meta name=\"twitter:card\" content=\"summary_large_image\" \/>\n<meta name=\"twitter:label1\" content=\"Tiempo de lectura\" \/>\n\t<meta name=\"twitter:data1\" content=\"1 minuto\" \/>\n<script type=\"application\/ld+json\" class=\"yoast-schema-graph\">{\"@context\":\"https:\\\/\\\/schema.org\",\"@graph\":[{\"@type\":\"WebPage\",\"@id\":\"https:\\\/\\\/reencauchadoraelsol.com\\\/?page_id=2253\",\"url\":\"https:\\\/\\\/reencauchadoraelsol.com\\\/?page_id=2253\",\"name\":\"Llantas - Reencauchadora el Sol - Reencauche de llantas con Calidad ISO 9001\",\"isPartOf\":{\"@id\":\"https:\\\/\\\/reencauchadoraelsol.com\\\/#website\"},\"primaryImageOfPage\":{\"@id\":\"https:\\\/\\\/reencauchadoraelsol.com\\\/?page_id=2253#primaryimage\"},\"image\":{\"@id\":\"https:\\\/\\\/reencauchadoraelsol.com\\\/?page_id=2253#primaryimage\"},\"thumbnailUrl\":\"https:\\\/\\\/reencauchadoraelsol.com\\\/wp-content\\\/uploads\\\/2022\\\/08\\\/SOLIDA.jpg\",\"datePublished\":\"2022-08-20T17:26:05+00:00\",\"dateModified\":\"2022-08-20T17:26:27+00:00\",\"description\":\"Contamos con Garant\u00eda ISO 9001 en el servicio de Reparaci\u00f3n y Reencauche de llantas hasta aro de 63\\\". M\u00e1s de 70 a\u00f1os de experiencia nos respaldan.\",\"breadcrumb\":{\"@id\":\"https:\\\/\\\/reencauchadoraelsol.com\\\/?page_id=2253#breadcrumb\"},\"inLanguage\":\"es\",\"potentialAction\":[{\"@type\":\"ReadAction\",\"target\":[\"https:\\\/\\\/reencauchadoraelsol.com\\\/?page_id=2253\"]}]},{\"@type\":\"ImageObject\",\"inLanguage\":\"es\",\"@id\":\"https:\\\/\\\/reencauchadoraelsol.com\\\/?page_id=2253#primaryimage\",\"url\":\"https:\\\/\\\/reencauchadoraelsol.com\\\/wp-content\\\/uploads\\\/2022\\\/08\\\/SOLIDA.jpg\",\"contentUrl\":\"https:\\\/\\\/reencauchadoraelsol.com\\\/wp-content\\\/uploads\\\/2022\\\/08\\\/SOLIDA.jpg\",\"width\":300,\"height\":250},{\"@type\":\"BreadcrumbList\",\"@id\":\"https:\\\/\\\/reencauchadoraelsol.com\\\/?page_id=2253#breadcrumb\",\"itemListElement\":[{\"@type\":\"ListItem\",\"position\":1,\"name\":\"Portada\",\"item\":\"https:\\\/\\\/reencauchadoraelsol.com\\\/\"},{\"@type\":\"ListItem\",\"position\":2,\"name\":\"Llantas\"}]},{\"@type\":\"WebSite\",\"@id\":\"https:\\\/\\\/reencauchadoraelsol.com\\\/#website\",\"url\":\"https:\\\/\\\/reencauchadoraelsol.com\\\/\",\"name\":\"Reencauchadora el Sol - Reencauche de llantas con Calidad ISO 9001\",\"description\":\"Servicio de reparaci\u00f3n y reencauche de llantas con garant\u00eda ISO 9001\",\"publisher\":{\"@id\":\"https:\\\/\\\/reencauchadoraelsol.com\\\/#organization\"},\"potentialAction\":[{\"@type\":\"SearchAction\",\"target\":{\"@type\":\"EntryPoint\",\"urlTemplate\":\"https:\\\/\\\/reencauchadoraelsol.com\\\/?s={search_term_string}\"},\"query-input\":{\"@type\":\"PropertyValueSpecification\",\"valueRequired\":true,\"valueName\":\"search_term_string\"}}],\"inLanguage\":\"es\"},{\"@type\":\"Organization\",\"@id\":\"https:\\\/\\\/reencauchadoraelsol.com\\\/#organization\",\"name\":\"Reencauchadora el Sol - Reencauche de llantas con Calidad ISO 9001\",\"url\":\"https:\\\/\\\/reencauchadoraelsol.com\\\/\",\"logo\":{\"@type\":\"ImageObject\",\"inLanguage\":\"es\",\"@id\":\"https:\\\/\\\/reencauchadoraelsol.com\\\/#\\\/schema\\\/logo\\\/image\\\/\",\"url\":\"https:\\\/\\\/reencauchadoraelsol.com\\\/wp-content\\\/uploads\\\/2024\\\/05\\\/cropped-logo-reencauchadora-1.jpg\",\"contentUrl\":\"https:\\\/\\\/reencauchadoraelsol.com\\\/wp-content\\\/uploads\\\/2024\\\/05\\\/cropped-logo-reencauchadora-1.jpg\",\"width\":500,\"height\":108,\"caption\":\"Reencauchadora el Sol - Reencauche de llantas con Calidad ISO 9001\"},\"image\":{\"@id\":\"https:\\\/\\\/reencauchadoraelsol.com\\\/#\\\/schema\\\/logo\\\/image\\\/\"},\"sameAs\":[\"https:\\\/\\\/www.facebook.com\\\/reencauchadoraelsol\"]}]}<\/script>\n<!-- \/ Yoast SEO plugin. -->","yoast_head_json":{"title":"Llantas - Reencauchadora el Sol - Reencauche de llantas con Calidad ISO 9001","description":"Contamos con Garant\u00eda ISO 9001 en el servicio de Reparaci\u00f3n y Reencauche de llantas hasta aro de 63\". M\u00e1s de 70 a\u00f1os de experiencia nos respaldan.","robots":{"index":"index","follow":"follow","max-snippet":"max-snippet:-1","max-image-preview":"max-image-preview:large","max-video-preview":"max-video-preview:-1"},"canonical":"https:\/\/reencauchadoraelsol.com\/?page_id=2253","og_locale":"es_ES","og_type":"article","og_title":"Llantas - Reencauchadora el Sol - Reencauche de llantas con Calidad ISO 9001","og_description":"Contamos con Garant\u00eda ISO 9001 en el servicio de Reparaci\u00f3n y Reencauche de llantas hasta aro de 63\". M\u00e1s de 70 a\u00f1os de experiencia nos respaldan.","og_url":"https:\/\/reencauchadoraelsol.com\/?page_id=2253","og_site_name":"Reencauchadora el Sol - Reencauche de llantas con Calidad ISO 9001","article_publisher":"https:\/\/www.facebook.com\/reencauchadoraelsol","article_modified_time":"2022-08-20T17:26:27+00:00","og_image":[{"width":300,"height":250,"url":"https:\/\/reencauchadoraelsol.com\/wp-content\/uploads\/2022\/08\/SOLIDA.jpg","type":"image\/jpeg"}],"twitter_card":"summary_large_image","twitter_misc":{"Tiempo de lectura":"1 minuto"},"schema":{"@context":"https:\/\/schema.org","@graph":[{"@type":"WebPage","@id":"https:\/\/reencauchadoraelsol.com\/?page_id=2253","url":"https:\/\/reencauchadoraelsol.com\/?page_id=2253","name":"Llantas - Reencauchadora el Sol - Reencauche de llantas con Calidad ISO 9001","isPartOf":{"@id":"https:\/\/reencauchadoraelsol.com\/#website"},"primaryImageOfPage":{"@id":"https:\/\/reencauchadoraelsol.com\/?page_id=2253#primaryimage"},"image":{"@id":"https:\/\/reencauchadoraelsol.com\/?page_id=2253#primaryimage"},"thumbnailUrl":"https:\/\/reencauchadoraelsol.com\/wp-content\/uploads\/2022\/08\/SOLIDA.jpg","datePublished":"2022-08-20T17:26:05+00:00","dateModified":"2022-08-20T17:26:27+00:00","description":"Contamos con Garant\u00eda ISO 9001 en el servicio de Reparaci\u00f3n y Reencauche de llantas hasta aro de 63\". M\u00e1s de 70 a\u00f1os de experiencia nos respaldan.","breadcrumb":{"@id":"https:\/\/reencauchadoraelsol.com\/?page_id=2253#breadcrumb"},"inLanguage":"es","potentialAction":[{"@type":"ReadAction","target":["https:\/\/reencauchadoraelsol.com\/?page_id=2253"]}]},{"@type":"ImageObject","inLanguage":"es","@id":"https:\/\/reencauchadoraelsol.com\/?page_id=2253#primaryimage","url":"https:\/\/reencauchadoraelsol.com\/wp-content\/uploads\/2022\/08\/SOLIDA.jpg","contentUrl":"https:\/\/reencauchadoraelsol.com\/wp-content\/uploads\/2022\/08\/SOLIDA.jpg","width":300,"height":250},{"@type":"BreadcrumbList","@id":"https:\/\/reencauchadoraelsol.com\/?page_id=2253#breadcrumb","itemListElement":[{"@type":"ListItem","position":1,"name":"Portada","item":"https:\/\/reencauchadoraelsol.com\/"},{"@type":"ListItem","position":2,"name":"Llantas"}]},{"@type":"WebSite","@id":"https:\/\/reencauchadoraelsol.com\/#website","url":"https:\/\/reencauchadoraelsol.com\/","name":"Reencauchadora el Sol - Reencauche de llantas con Calidad ISO 9001","description":"Servicio de reparaci\u00f3n y reencauche de llantas con garant\u00eda ISO 9001","publisher":{"@id":"https:\/\/reencauchadoraelsol.com\/#organization"},"potentialAction":[{"@type":"SearchAction","target":{"@type":"EntryPoint","urlTemplate":"https:\/\/reencauchadoraelsol.com\/?s={search_term_string}"},"query-input":{"@type":"PropertyValueSpecification","valueRequired":true,"valueName":"search_term_string"}}],"inLanguage":"es"},{"@type":"Organization","@id":"https:\/\/reencauchadoraelsol.com\/#organization","name":"Reencauchadora el Sol - Reencauche de llantas con Calidad ISO 9001","url":"https:\/\/reencauchadoraelsol.com\/","logo":{"@type":"ImageObject","inLanguage":"es","@id":"https:\/\/reencauchadoraelsol.com\/#\/schema\/logo\/image\/","url":"https:\/\/reencauchadoraelsol.com\/wp-content\/uploads\/2024\/05\/cropped-logo-reencauchadora-1.jpg","contentUrl":"https:\/\/reencauchadoraelsol.com\/wp-content\/uploads\/2024\/05\/cropped-logo-reencauchadora-1.jpg","width":500,"height":108,"caption":"Reencauchadora el Sol - Reencauche de llantas con Calidad ISO 9001"},"image":{"@id":"https:\/\/reencauchadoraelsol.com\/#\/schema\/logo\/image\/"},"sameAs":["https:\/\/www.facebook.com\/reencauchadoraelsol"]}]}},"_links":{"self":[{"href":"https:\/\/reencauchadoraelsol.com\/index.php?rest_route=\/wp\/v2\/pages\/2253","targetHints":{"allow":["GET"]}}],"collection":[{"href":"https:\/\/reencauchadoraelsol.com\/index.php?rest_route=\/wp\/v2\/pages"}],"about":[{"href":"https:\/\/reencauchadoraelsol.com\/index.php?rest_route=\/wp\/v2\/types\/page"}],"author":[{"embeddable":true,"href":"https:\/\/reencauchadoraelsol.com\/index.php?rest_route=\/wp\/v2\/users\/5"}],"replies":[{"embeddable":true,"href":"https:\/\/reencauchadoraelsol.com\/index.php?rest_route=%2Fwp%2Fv2%2Fcomments&post=2253"}],"version-history":[{"count":0,"href":"https:\/\/reencauchadoraelsol.com\/index.php?rest_route=\/wp\/v2\/pages\/2253\/revisions"}],"wp:featuredmedia":[{"embeddable":true,"href":"https:\/\/reencauchadoraelsol.com\/index.php?rest_route=\/wp\/v2\/media\/2254"}],"wp:attachment":[{"href":"https:\/\/reencauchadoraelsol.com\/index.php?rest_route=%2Fwp%2Fv2%2Fmedia&parent=2253"}],"curies":[{"name":"wp","href":"https:\/\/api.w.org\/{rel}","templated":true}]}}