{"id":1460,"date":"2022-08-20T12:26:17","date_gmt":"2022-08-20T17:26:17","guid":{"rendered":"https:\/\/reencauchadoraelsol.com\/?page_id=1460"},"modified":"2022-08-20T12:26:19","modified_gmt":"2022-08-20T17:26:19","slug":"llantas-solidas","status":"publish","type":"page","link":"https:\/\/reencauchadoraelsol.com\/?page_id=1460","title":{"rendered":"Llantas S\u00f3lidas"},"content":{"rendered":"\n<figure class=\"wp-block-image size-large\"><img decoding=\"async\" width=\"1024\" height=\"160\" data-src=\"https:\/\/reencauchadoraelsol.com\/wp-content\/uploads\/2021\/07\/key_visual-1024x160.png\" alt=\"llantas solidas nexen\" class=\"wp-image-1481 lazyload\" data-srcset=\"https:\/\/reencauchadoraelsol.com\/wp-content\/uploads\/2021\/07\/key_visual-1024x160.png 1024w, https:\/\/reencauchadoraelsol.com\/wp-content\/uploads\/2021\/07\/key_visual-800x125.png 800w, https:\/\/reencauchadoraelsol.com\/wp-content\/uploads\/2021\/07\/key_visual-300x47.png 300w, https:\/\/reencauchadoraelsol.com\/wp-content\/uploads\/2021\/07\/key_visual-768x120.png 768w, https:\/\/reencauchadoraelsol.com\/wp-content\/uploads\/2021\/07\/key_visual-1536x240.png 1536w, https:\/\/reencauchadoraelsol.com\/wp-content\/uploads\/2021\/07\/key_visual.png 1920w\" data-sizes=\"(max-width: 1024px) 100vw, 1024px\" src=\"data:image\/svg+xml;base64,PHN2ZyB3aWR0aD0iMSIgaGVpZ2h0PSIxIiB4bWxucz0iaHR0cDovL3d3dy53My5vcmcvMjAwMC9zdmciPjwvc3ZnPg==\" style=\"--smush-placeholder-width: 1024px; --smush-placeholder-aspect-ratio: 1024\/160;\" \/><\/figure>\n\n\n\n<div style=\"height:45px\" aria-hidden=\"true\" class=\"wp-block-spacer\"><\/div>\n\n\n\n<h2 class=\"wp-block-heading\">Llanta Nexen SolidPro &#8211; La Llanta S\u00f3lida Nro. 1 de Corea<\/h2>\n\n\n\n<div class=\"wp-block-columns is-layout-flex wp-container-core-columns-is-layout-28f84493 wp-block-columns-is-layout-flex\">\n<div class=\"wp-block-column is-layout-flow wp-block-column-is-layout-flow\" style=\"flex-basis:66.66%\">\n<p>La llanta s\u00f3lida para aplicaciones industriales <strong>Nexen SolidPro<\/strong>, es la llanta m\u00e1s resistente que te ofrece:<\/p>\n\n\n\n<ul class=\"wp-block-list\"><li>Excelente rendimiento y estabilidad.<\/li><li>La resistencia de un neum\u00e1tico Premium de 3 capas.<\/li><li>Neum\u00e1tico Eco Friendly pues cumple con el Registro, Evaluaci\u00f3n, Autorizaci\u00f3n y Restricci\u00f3n de Sustancias Qu\u00edmicas (abreviadamente&nbsp;REACH, de su forma inglesa&nbsp;<em>Registration, Evaluation, Authorisation and restriction of Chemicals<\/em>) que regula la producci\u00f3n y el uso de&nbsp;sustancias qu\u00edmicas y sus potenciales impactos tanto sobre la salud humana como sobre el ecosistema.&nbsp;<\/li><\/ul>\n<\/div>\n\n\n\n<div class=\"wp-block-column is-layout-flow wp-block-column-is-layout-flow\" style=\"flex-basis:33.33%\">\n<figure class=\"wp-block-image size-large\"><img decoding=\"async\" width=\"790\" height=\"1024\" data-src=\"https:\/\/reencauchadoraelsol.com\/wp-content\/uploads\/2021\/07\/Foto_Nexen_SolidPro.jpg\" alt=\"nexen solidpro\" class=\"wp-image-1464 lazyload\" data-srcset=\"https:\/\/reencauchadoraelsol.com\/wp-content\/uploads\/2021\/07\/Foto_Nexen_SolidPro.jpg 790w, https:\/\/reencauchadoraelsol.com\/wp-content\/uploads\/2021\/07\/Foto_Nexen_SolidPro-600x778.jpg 600w, https:\/\/reencauchadoraelsol.com\/wp-content\/uploads\/2021\/07\/Foto_Nexen_SolidPro-231x300.jpg 231w, https:\/\/reencauchadoraelsol.com\/wp-content\/uploads\/2021\/07\/Foto_Nexen_SolidPro-768x995.jpg 768w\" data-sizes=\"(max-width: 790px) 100vw, 790px\" src=\"data:image\/svg+xml;base64,PHN2ZyB3aWR0aD0iMSIgaGVpZ2h0PSIxIiB4bWxucz0iaHR0cDovL3d3dy53My5vcmcvMjAwMC9zdmciPjwvc3ZnPg==\" style=\"--smush-placeholder-width: 790px; --smush-placeholder-aspect-ratio: 790\/1024;\" \/><\/figure>\n<\/div>\n<\/div>\n\n\n\n<p style=\"font-size:24px\">Equipo Original<\/p>\n\n\n\n<p>Como el primer neum\u00e1tico s\u00f3lido genuino, los neum\u00e1ticos s\u00f3lidos Nexen han sido certificados por su calidad por varios fabricantes de montacargas de renombre. Sobre la base de su cooperaci\u00f3n t\u00e9cnica, de calidad y de desarrollo aprobada, Nexen suministra neum\u00e1ticos s\u00f3lidos a los valiosos clientes que compiten con otras marcas l\u00edderes mundiales en el negocio en todo el mundo.<\/p>\n\n\n\n<div class=\"wp-block-image\"><figure class=\"aligncenter size-large\"><img decoding=\"async\" width=\"404\" height=\"81\" data-src=\"https:\/\/reencauchadoraelsol.com\/wp-content\/uploads\/2021\/07\/Captura.jpg\" alt=\"nexen solidas equipo original\" class=\"wp-image-1476 lazyload\" data-srcset=\"https:\/\/reencauchadoraelsol.com\/wp-content\/uploads\/2021\/07\/Captura.jpg 404w, https:\/\/reencauchadoraelsol.com\/wp-content\/uploads\/2021\/07\/Captura-300x60.jpg 300w, https:\/\/reencauchadoraelsol.com\/wp-content\/uploads\/2021\/07\/Captura-400x81.jpg 400w\" data-sizes=\"(max-width: 404px) 100vw, 404px\" src=\"data:image\/svg+xml;base64,PHN2ZyB3aWR0aD0iMSIgaGVpZ2h0PSIxIiB4bWxucz0iaHR0cDovL3d3dy53My5vcmcvMjAwMC9zdmciPjwvc3ZnPg==\" style=\"--smush-placeholder-width: 404px; --smush-placeholder-aspect-ratio: 404\/81;\" \/><\/figure><\/div>\n\n\n\n<div style=\"height:41px\" aria-hidden=\"true\" class=\"wp-block-spacer\"><\/div>\n\n\n\n<figure class=\"wp-block-table\"><table class=\"has-fixed-layout\"><thead><tr><th>Medidas <\/th><\/tr><\/thead><tbody><tr><td>LLANTA 6.00-9 NEXEN SOLID PRO Rim 4.0 MTP SOLIDA<\/td><\/tr><tr><td>LLANTA 18x7x8 (180\/70-8) NEXEN SOLID PRO Rim 4.33 MTP NON MARKING SOLIDA<\/td><\/tr><tr><td>LLANTA 6.50-10 NEXEN SOLID PRO Rim 5.0 MTP SOLIDA<\/td><\/tr><tr><td>LLANTA 7.00-12 NEXEN SOLID PRO Rim 5.0 MTP SOLIDA<\/td><\/tr><tr><td>LLANTA 7.00-12 NEXEN SOLID PRO Rim 5.0 MTP SOLIDA (QUICK)<\/td><\/tr><tr><td>LLANTA 8.25-15 NEXEN SOLID PRO Rim 5.5 MTP SOLIDA<\/td><\/tr><tr><td>LLANTA 21x8x9 (200\/75-9) NEXEN SOLID PRO Rim 6.0 MTP NON MARKING SOLIDA<\/td><\/tr><tr><td>LLANTA 8.25-15 NEXEN SOLID PRO Rim 6.5 MTP SOLIDA<\/td><\/tr><tr><td>LLANTA 8.15-15 (28&#215;9-15) NEXEN SOLID PRO Rim7.0 MTP SOLIDA<\/td><\/tr><tr><td>LLANTA 3.00-15 NEXEN SOLID PRO Rim 8.0 MTP SOLIDA<\/td><\/tr><tr><td>LLANTA 10.00-20 NEXEN SOLID PRO Rim 8.0 MTP SOLIDA<\/td><\/tr><tr><td>LLANTA 11.00-20 NEXEN SOLID PRO Rim 8.0 MTP SOLIDA<\/td><\/tr><tr><td>LLANTA 12.00-20 NEXEN SOLID PRO Rim 8.5 MTP SOLIDA<\/td><\/tr><tr><td>LLANTA 14.00-24 NEXEN SOLID PRO Rim 10.0 MTP SOLIDA <\/td><\/tr><tr><td>LLANTA 21&#215;7-15 NEXEN SOLID PRO SOLIDA NUEVA<\/td><\/tr><tr><td>LLANTA 21&#215;8-15 NEXEN SOLID PRO SOLIDA<\/td><\/tr><\/tbody><\/table><figcaption>Consulte por otras medidas disponibles.<\/figcaption><\/figure>\n\n\n\n<div style=\"height:66px\" aria-hidden=\"true\" class=\"wp-block-spacer\"><\/div>\n\n\n\n<p class=\"has-medium-font-size\"><strong>Llantas S\u00f3lidas CBX<\/strong><\/p>\n\n\n\n<div class=\"wp-block-image\"><figure class=\"aligncenter size-large\"><img decoding=\"async\" width=\"263\" height=\"221\" data-src=\"https:\/\/reencauchadoraelsol.com\/wp-content\/uploads\/2021\/07\/cbx.jpg\" alt=\"nexen solidas cbx\" class=\"wp-image-1477 lazyload\" src=\"data:image\/svg+xml;base64,PHN2ZyB3aWR0aD0iMSIgaGVpZ2h0PSIxIiB4bWxucz0iaHR0cDovL3d3dy53My5vcmcvMjAwMC9zdmciPjwvc3ZnPg==\" style=\"--smush-placeholder-width: 263px; --smush-placeholder-aspect-ratio: 263\/221;\" \/><\/figure><\/div>\n\n\n\n<figure class=\"wp-block-table\"><table class=\"has-fixed-layout\"><thead><tr><th>Medidas<\/th><\/tr><\/thead><tbody><tr><td>LLANTA 6.00-9 NEXEN Rim 4.0 CBX SOLIDA<\/td><\/tr><tr><td>LLANTA 18&#215;7-8 NEXEN Rim 4.33 CBX SOLIDA<\/td><\/tr><tr><td>LLANTA 6.50-10 NEXEN Rim 5.0 CBX SOLIDA<\/td><\/tr><tr><td>LLANTA 7.00-12 NEXEN Rim 5.0 CBX SOLIDA<\/td><\/tr><tr><td>LLANTA 3.00-15 NEXEN Rim 8.0 CBX SOLIDA<\/td><\/tr><tr><td>LLANTA 8.15-15 (28&#215;9-15) NEXEN Rim7.0 CBX SOLIDA<\/td><\/tr><tr><td>LLANTA 8.25-15 NEXEN Rim 6.5 CBX SOLIDA<\/td><\/tr><tr><td>LLANTA 8.25-15 NEXEN Rim 5.5 CBX SOLIDA<\/td><\/tr><tr><td>LLANTA 10.00-20 NEXEN Rim 8.0 CBX SOLIDA<\/td><\/tr><tr><td>LLANTA 11.00-20 NEXEN Rim 8.0 CBX SOLIDA<\/td><\/tr><tr><td>LLANTA 12.00-20 NEXEN Rim 8.5 CBX SOLIDA<\/td><\/tr><\/tbody><\/table><figcaption>Consulte por otras medidas disponibles.<\/figcaption><\/figure>\n\n\n\n<div style=\"height:41px\" aria-hidden=\"true\" class=\"wp-block-spacer\"><\/div>\n\n\n\n<hr class=\"wp-block-separator\"\/>\n\n\n\n<p style=\"font-size:30px\"><strong>Llanta Nexen Press On<\/strong><\/p>\n\n\n\n<div class=\"wp-block-image\"><figure class=\"aligncenter size-large\"><img decoding=\"async\" width=\"303\" height=\"252\" data-src=\"https:\/\/reencauchadoraelsol.com\/wp-content\/uploads\/2021\/07\/nexen_pob_img.jpg\" alt=\"nexen solidas press on\" class=\"wp-image-1472 lazyload\" data-srcset=\"https:\/\/reencauchadoraelsol.com\/wp-content\/uploads\/2021\/07\/nexen_pob_img.jpg 303w, https:\/\/reencauchadoraelsol.com\/wp-content\/uploads\/2021\/07\/nexen_pob_img-300x250.jpg 300w\" data-sizes=\"(max-width: 303px) 100vw, 303px\" src=\"data:image\/svg+xml;base64,PHN2ZyB3aWR0aD0iMSIgaGVpZ2h0PSIxIiB4bWxucz0iaHR0cDovL3d3dy53My5vcmcvMjAwMC9zdmciPjwvc3ZnPg==\" style=\"--smush-placeholder-width: 303px; --smush-placeholder-aspect-ratio: 303\/252;\" \/><\/figure><\/div>\n\n\n\n<p>La llanta Nexen Press On es un neum\u00e1tico s\u00f3lido dise\u00f1ado principalmente para equipar montacargas peque\u00f1os y para ser usado en trabajos en interiores y almacenes.<\/p>\n\n\n\n<div style=\"height:39px\" aria-hidden=\"true\" class=\"wp-block-spacer\"><\/div>\n\n\n\n<p class=\"has-medium-font-size\"><strong>Llantas S\u00f3lidas Lisas<\/strong><\/p>\n\n\n\n<figure class=\"wp-block-table\"><table class=\"has-fixed-layout\"><thead><tr><th>Medidas<\/th><\/tr><\/thead><tbody><tr><td>LLANTA 16&#215;5-10.5 (16&#215;5-10 1\/2) NEXEN PL PRESS ON SOLIDA NUEVA lisa<\/td><\/tr><tr><td>LLANTA 16 1\/4&#215;6-11 1\/4 NEXEN PL PRESS ON SOLIDA lisa<\/td><\/tr><\/tbody><\/table><figcaption>Consulte por otras medidas disponibles.<\/figcaption><\/figure>\n\n\n\n<div style=\"height:41px\" aria-hidden=\"true\" class=\"wp-block-spacer\"><\/div>\n\n\n\n<p class=\"has-medium-font-size\"><strong>Llantas S\u00f3lidas con Dise\u00f1o<\/strong><\/p>\n\n\n\n<figure class=\"wp-block-table\"><table class=\"has-fixed-layout\"><thead><tr><th>Medidas<\/th><\/tr><\/thead><tbody><tr><td>LLANTA 16&#215;5-10.5 (16&#215;5-10 1\/2) NEXEN MS PRESS ON SOLIDA NUEVA<\/td><\/tr><tr><td>LLANTA 16&#215;5-10.5 (16&#215;5-10 1\/2) NEXEN SOLID PRO PRESS ON SOLIDA<\/td><\/tr><tr><td>LLANTA 16&#215;6-10.5 (16&#215;5-10 1\/2) NEXEN MS PRESS ON SOLIDA NUEVA<\/td><\/tr><tr><td>LLANTA 18&#215;7-12 1\/8 NEXEN MS PRESS ON SOLIDA NUEVA<\/td><\/tr><tr><td>LLANTA 21&#215;8-15 NEXEN MS PRESS ON SOLIDA NUEVA<\/td><\/tr><\/tbody><\/table><figcaption>Consulte por otras medidas disponibles.<\/figcaption><\/figure>\n\n\n\n<hr class=\"wp-block-separator\"\/>\n\n\n\n<div class=\"wp-block-buttons is-content-justification-center is-layout-flex wp-container-core-buttons-is-layout-a89b3969 wp-block-buttons-is-layout-flex\">\n<div class=\"wp-block-button has-custom-width wp-block-button__width-75 has-custom-font-size has-small-font-size\"><a class=\"wp-block-button__link has-black-color has-text-color has-background\" href=\"https:\/\/reencauchadoraelsol.com\/productos\/\" style=\"background:linear-gradient(135deg,rgb(238,238,238) 12%,rgb(169,184,195) 100%)\">VER TODOS NUESTROS PRODUCTOS<\/a><\/div>\n<\/div>\n\n\n\n<hr class=\"wp-block-separator\"\/>\n","protected":false},"excerpt":{"rendered":"<p>Llanta Nexen SolidPro &#8211; La Llanta S\u00f3lida Nro. 1 de Corea La llanta s\u00f3lida para aplicaciones industriales Nexen SolidPro, es la llanta m\u00e1s resistente que te ofrece: Excelente rendimiento y [&hellip;]<\/p>\n","protected":false},"author":5,"featured_media":1464,"parent":0,"menu_order":0,"comment_status":"closed","ping_status":"closed","template":"","meta":{"footnotes":""},"class_list":["post-1460","page","type-page","status-publish","has-post-thumbnail","hentry"],"yoast_head":"<!-- This site is optimized with the Yoast SEO plugin v27.3 - https:\/\/yoast.com\/product\/yoast-seo-wordpress\/ -->\n<title>Llantas Industriales S\u00f3lidas Nexen - Resistentes y durables<\/title>\n<meta name=\"description\" content=\"Conoce m\u00e1s acerca de las llantas industriales s\u00f3lidas Nexen Tire. Resistencia y durabilidad para que tu empresa no se detenga.\" \/>\n<meta name=\"robots\" content=\"index, follow, max-snippet:-1, max-image-preview:large, max-video-preview:-1\" \/>\n<link rel=\"canonical\" href=\"https:\/\/reencauchadoraelsol.com\/?page_id=1460\" \/>\n<meta property=\"og:locale\" content=\"es_ES\" \/>\n<meta property=\"og:type\" content=\"article\" \/>\n<meta property=\"og:title\" content=\"Llantas Industriales S\u00f3lidas Nexen - Resistentes y durables\" \/>\n<meta property=\"og:description\" content=\"Conoce m\u00e1s acerca de las llantas industriales s\u00f3lidas Nexen Tire. Resistencia y durabilidad para que tu empresa no se detenga.\" \/>\n<meta property=\"og:url\" content=\"https:\/\/reencauchadoraelsol.com\/?page_id=1460\" \/>\n<meta property=\"og:site_name\" content=\"Reencauchadora el Sol - Reencauche de llantas con Calidad ISO 9001\" \/>\n<meta property=\"article:publisher\" content=\"https:\/\/www.facebook.com\/reencauchadoraelsol\" \/>\n<meta property=\"article:modified_time\" content=\"2022-08-20T17:26:19+00:00\" \/>\n<meta property=\"og:image\" content=\"https:\/\/reencauchadoraelsol.com\/wp-content\/uploads\/2021\/07\/Foto_Nexen_SolidPro.jpg\" \/>\n\t<meta property=\"og:image:width\" content=\"790\" \/>\n\t<meta property=\"og:image:height\" content=\"1024\" \/>\n\t<meta property=\"og:image:type\" content=\"image\/jpeg\" \/>\n<meta name=\"twitter:card\" content=\"summary_large_image\" \/>\n<meta name=\"twitter:label1\" content=\"Tiempo de lectura\" \/>\n\t<meta name=\"twitter:data1\" content=\"4 minutos\" \/>\n<script type=\"application\/ld+json\" class=\"yoast-schema-graph\">{\"@context\":\"https:\\\/\\\/schema.org\",\"@graph\":[{\"@type\":\"WebPage\",\"@id\":\"https:\\\/\\\/reencauchadoraelsol.com\\\/?page_id=1460\",\"url\":\"https:\\\/\\\/reencauchadoraelsol.com\\\/?page_id=1460\",\"name\":\"Llantas Industriales S\u00f3lidas Nexen - Resistentes y durables\",\"isPartOf\":{\"@id\":\"https:\\\/\\\/reencauchadoraelsol.com\\\/#website\"},\"primaryImageOfPage\":{\"@id\":\"https:\\\/\\\/reencauchadoraelsol.com\\\/?page_id=1460#primaryimage\"},\"image\":{\"@id\":\"https:\\\/\\\/reencauchadoraelsol.com\\\/?page_id=1460#primaryimage\"},\"thumbnailUrl\":\"https:\\\/\\\/reencauchadoraelsol.com\\\/wp-content\\\/uploads\\\/2021\\\/07\\\/Foto_Nexen_SolidPro.jpg\",\"datePublished\":\"2022-08-20T17:26:17+00:00\",\"dateModified\":\"2022-08-20T17:26:19+00:00\",\"description\":\"Conoce m\u00e1s acerca de las llantas industriales s\u00f3lidas Nexen Tire. Resistencia y durabilidad para que tu empresa no se detenga.\",\"breadcrumb\":{\"@id\":\"https:\\\/\\\/reencauchadoraelsol.com\\\/?page_id=1460#breadcrumb\"},\"inLanguage\":\"es\",\"potentialAction\":[{\"@type\":\"ReadAction\",\"target\":[\"https:\\\/\\\/reencauchadoraelsol.com\\\/?page_id=1460\"]}]},{\"@type\":\"ImageObject\",\"inLanguage\":\"es\",\"@id\":\"https:\\\/\\\/reencauchadoraelsol.com\\\/?page_id=1460#primaryimage\",\"url\":\"https:\\\/\\\/reencauchadoraelsol.com\\\/wp-content\\\/uploads\\\/2021\\\/07\\\/Foto_Nexen_SolidPro.jpg\",\"contentUrl\":\"https:\\\/\\\/reencauchadoraelsol.com\\\/wp-content\\\/uploads\\\/2021\\\/07\\\/Foto_Nexen_SolidPro.jpg\",\"width\":790,\"height\":1024,\"caption\":\"nexen solidpro\"},{\"@type\":\"BreadcrumbList\",\"@id\":\"https:\\\/\\\/reencauchadoraelsol.com\\\/?page_id=1460#breadcrumb\",\"itemListElement\":[{\"@type\":\"ListItem\",\"position\":1,\"name\":\"Portada\",\"item\":\"https:\\\/\\\/reencauchadoraelsol.com\\\/\"},{\"@type\":\"ListItem\",\"position\":2,\"name\":\"Llantas S\u00f3lidas\"}]},{\"@type\":\"WebSite\",\"@id\":\"https:\\\/\\\/reencauchadoraelsol.com\\\/#website\",\"url\":\"https:\\\/\\\/reencauchadoraelsol.com\\\/\",\"name\":\"Reencauchadora el Sol - Reencauche de llantas con Calidad ISO 9001\",\"description\":\"Servicio de reparaci\u00f3n y reencauche de llantas con garant\u00eda ISO 9001\",\"publisher\":{\"@id\":\"https:\\\/\\\/reencauchadoraelsol.com\\\/#organization\"},\"potentialAction\":[{\"@type\":\"SearchAction\",\"target\":{\"@type\":\"EntryPoint\",\"urlTemplate\":\"https:\\\/\\\/reencauchadoraelsol.com\\\/?s={search_term_string}\"},\"query-input\":{\"@type\":\"PropertyValueSpecification\",\"valueRequired\":true,\"valueName\":\"search_term_string\"}}],\"inLanguage\":\"es\"},{\"@type\":\"Organization\",\"@id\":\"https:\\\/\\\/reencauchadoraelsol.com\\\/#organization\",\"name\":\"Reencauchadora el Sol - Reencauche de llantas con Calidad ISO 9001\",\"url\":\"https:\\\/\\\/reencauchadoraelsol.com\\\/\",\"logo\":{\"@type\":\"ImageObject\",\"inLanguage\":\"es\",\"@id\":\"https:\\\/\\\/reencauchadoraelsol.com\\\/#\\\/schema\\\/logo\\\/image\\\/\",\"url\":\"https:\\\/\\\/reencauchadoraelsol.com\\\/wp-content\\\/uploads\\\/2024\\\/05\\\/cropped-logo-reencauchadora-1.jpg\",\"contentUrl\":\"https:\\\/\\\/reencauchadoraelsol.com\\\/wp-content\\\/uploads\\\/2024\\\/05\\\/cropped-logo-reencauchadora-1.jpg\",\"width\":500,\"height\":108,\"caption\":\"Reencauchadora el Sol - Reencauche de llantas con Calidad ISO 9001\"},\"image\":{\"@id\":\"https:\\\/\\\/reencauchadoraelsol.com\\\/#\\\/schema\\\/logo\\\/image\\\/\"},\"sameAs\":[\"https:\\\/\\\/www.facebook.com\\\/reencauchadoraelsol\"]}]}<\/script>\n<!-- \/ Yoast SEO plugin. -->","yoast_head_json":{"title":"Llantas Industriales S\u00f3lidas Nexen - Resistentes y durables","description":"Conoce m\u00e1s acerca de las llantas industriales s\u00f3lidas Nexen Tire. Resistencia y durabilidad para que tu empresa no se detenga.","robots":{"index":"index","follow":"follow","max-snippet":"max-snippet:-1","max-image-preview":"max-image-preview:large","max-video-preview":"max-video-preview:-1"},"canonical":"https:\/\/reencauchadoraelsol.com\/?page_id=1460","og_locale":"es_ES","og_type":"article","og_title":"Llantas Industriales S\u00f3lidas Nexen - Resistentes y durables","og_description":"Conoce m\u00e1s acerca de las llantas industriales s\u00f3lidas Nexen Tire. Resistencia y durabilidad para que tu empresa no se detenga.","og_url":"https:\/\/reencauchadoraelsol.com\/?page_id=1460","og_site_name":"Reencauchadora el Sol - Reencauche de llantas con Calidad ISO 9001","article_publisher":"https:\/\/www.facebook.com\/reencauchadoraelsol","article_modified_time":"2022-08-20T17:26:19+00:00","og_image":[{"width":790,"height":1024,"url":"https:\/\/reencauchadoraelsol.com\/wp-content\/uploads\/2021\/07\/Foto_Nexen_SolidPro.jpg","type":"image\/jpeg"}],"twitter_card":"summary_large_image","twitter_misc":{"Tiempo de lectura":"4 minutos"},"schema":{"@context":"https:\/\/schema.org","@graph":[{"@type":"WebPage","@id":"https:\/\/reencauchadoraelsol.com\/?page_id=1460","url":"https:\/\/reencauchadoraelsol.com\/?page_id=1460","name":"Llantas Industriales S\u00f3lidas Nexen - Resistentes y durables","isPartOf":{"@id":"https:\/\/reencauchadoraelsol.com\/#website"},"primaryImageOfPage":{"@id":"https:\/\/reencauchadoraelsol.com\/?page_id=1460#primaryimage"},"image":{"@id":"https:\/\/reencauchadoraelsol.com\/?page_id=1460#primaryimage"},"thumbnailUrl":"https:\/\/reencauchadoraelsol.com\/wp-content\/uploads\/2021\/07\/Foto_Nexen_SolidPro.jpg","datePublished":"2022-08-20T17:26:17+00:00","dateModified":"2022-08-20T17:26:19+00:00","description":"Conoce m\u00e1s acerca de las llantas industriales s\u00f3lidas Nexen Tire. Resistencia y durabilidad para que tu empresa no se detenga.","breadcrumb":{"@id":"https:\/\/reencauchadoraelsol.com\/?page_id=1460#breadcrumb"},"inLanguage":"es","potentialAction":[{"@type":"ReadAction","target":["https:\/\/reencauchadoraelsol.com\/?page_id=1460"]}]},{"@type":"ImageObject","inLanguage":"es","@id":"https:\/\/reencauchadoraelsol.com\/?page_id=1460#primaryimage","url":"https:\/\/reencauchadoraelsol.com\/wp-content\/uploads\/2021\/07\/Foto_Nexen_SolidPro.jpg","contentUrl":"https:\/\/reencauchadoraelsol.com\/wp-content\/uploads\/2021\/07\/Foto_Nexen_SolidPro.jpg","width":790,"height":1024,"caption":"nexen solidpro"},{"@type":"BreadcrumbList","@id":"https:\/\/reencauchadoraelsol.com\/?page_id=1460#breadcrumb","itemListElement":[{"@type":"ListItem","position":1,"name":"Portada","item":"https:\/\/reencauchadoraelsol.com\/"},{"@type":"ListItem","position":2,"name":"Llantas S\u00f3lidas"}]},{"@type":"WebSite","@id":"https:\/\/reencauchadoraelsol.com\/#website","url":"https:\/\/reencauchadoraelsol.com\/","name":"Reencauchadora el Sol - Reencauche de llantas con Calidad ISO 9001","description":"Servicio de reparaci\u00f3n y reencauche de llantas con garant\u00eda ISO 9001","publisher":{"@id":"https:\/\/reencauchadoraelsol.com\/#organization"},"potentialAction":[{"@type":"SearchAction","target":{"@type":"EntryPoint","urlTemplate":"https:\/\/reencauchadoraelsol.com\/?s={search_term_string}"},"query-input":{"@type":"PropertyValueSpecification","valueRequired":true,"valueName":"search_term_string"}}],"inLanguage":"es"},{"@type":"Organization","@id":"https:\/\/reencauchadoraelsol.com\/#organization","name":"Reencauchadora el Sol - Reencauche de llantas con Calidad ISO 9001","url":"https:\/\/reencauchadoraelsol.com\/","logo":{"@type":"ImageObject","inLanguage":"es","@id":"https:\/\/reencauchadoraelsol.com\/#\/schema\/logo\/image\/","url":"https:\/\/reencauchadoraelsol.com\/wp-content\/uploads\/2024\/05\/cropped-logo-reencauchadora-1.jpg","contentUrl":"https:\/\/reencauchadoraelsol.com\/wp-content\/uploads\/2024\/05\/cropped-logo-reencauchadora-1.jpg","width":500,"height":108,"caption":"Reencauchadora el Sol - Reencauche de llantas con Calidad ISO 9001"},"image":{"@id":"https:\/\/reencauchadoraelsol.com\/#\/schema\/logo\/image\/"},"sameAs":["https:\/\/www.facebook.com\/reencauchadoraelsol"]}]}},"_links":{"self":[{"href":"https:\/\/reencauchadoraelsol.com\/index.php?rest_route=\/wp\/v2\/pages\/1460","targetHints":{"allow":["GET"]}}],"collection":[{"href":"https:\/\/reencauchadoraelsol.com\/index.php?rest_route=\/wp\/v2\/pages"}],"about":[{"href":"https:\/\/reencauchadoraelsol.com\/index.php?rest_route=\/wp\/v2\/types\/page"}],"author":[{"embeddable":true,"href":"https:\/\/reencauchadoraelsol.com\/index.php?rest_route=\/wp\/v2\/users\/5"}],"replies":[{"embeddable":true,"href":"https:\/\/reencauchadoraelsol.com\/index.php?rest_route=%2Fwp%2Fv2%2Fcomments&post=1460"}],"version-history":[{"count":0,"href":"https:\/\/reencauchadoraelsol.com\/index.php?rest_route=\/wp\/v2\/pages\/1460\/revisions"}],"wp:featuredmedia":[{"embeddable":true,"href":"https:\/\/reencauchadoraelsol.com\/index.php?rest_route=\/wp\/v2\/media\/1464"}],"wp:attachment":[{"href":"https:\/\/reencauchadoraelsol.com\/index.php?rest_route=%2Fwp%2Fv2%2Fmedia&parent=1460"}],"curies":[{"name":"wp","href":"https:\/\/api.w.org\/{rel}","templated":true}]}}