{"id":1426,"date":"2022-08-20T12:33:02","date_gmt":"2022-08-20T17:33:02","guid":{"rendered":"https:\/\/reencauchadoraelsol.com\/?page_id=1426"},"modified":"2022-08-20T12:33:05","modified_gmt":"2022-08-20T17:33:05","slug":"guardacamaras","status":"publish","type":"page","link":"https:\/\/reencauchadoraelsol.com\/?page_id=1426","title":{"rendered":"Guardac\u00e1maras"},"content":{"rendered":"\n<p>Los guardac\u00e1maras o protectores son usados para evitar que la c\u00e1mara sufra alg\u00fan tipo de da\u00f1o como resultado de entrar en contacto directo con el borde met\u00e1lico. Nuestros protectores se fabrican junto con las c\u00e1maras con las mejores materias primas y t\u00e9cnicas de fabricaci\u00f3n con la mayor atenci\u00f3n para mantener la calidad.<\/p>\n\n\n\n<div style=\"height:44px\" aria-hidden=\"true\" class=\"wp-block-spacer\"><\/div>\n\n\n\n<p class=\"has-vivid-cyan-blue-color has-text-color has-medium-font-size\"><strong>Camioneta Convencional<\/strong><\/p>\n\n\n\n<figure class=\"wp-block-table\"><table class=\"has-fixed-layout\"><thead><tr><th>C\u00f3digo<\/th><th>P\/C<\/th><th>Medida<\/th><th>Aplicaci\u00f3n<\/th><\/tr><\/thead><tbody><tr><td>07153991<\/td><td>21<\/td><td>15-6.8<\/td><td>700\/750\/825-15<\/td><\/tr><tr><td>07163991<\/td><td>18<\/td><td>16-6.5<\/td><td>650\/700\/F78<\/td><\/tr><tr><td>07163992<\/td><td>18<\/td><td>16-6-7<\/td><td>750\/H78<\/td><\/tr><tr><td>07163993<\/td><td>18<\/td><td>16-7.1<\/td><td>825\/900-16<\/td><\/tr><tr><td>07153992<\/td><td>21<\/td><td>15-7.1<\/td><td>7.00\/7.50\/8.25-15<\/td><\/tr><tr><td>07153993<\/td><td>18<\/td><td>15-7.9<\/td><td>9.00\/10.00\/11.00-15<\/td><\/tr><\/tbody><\/table><figcaption>P\/C: Piezas por caja. <\/figcaption><\/figure>\n\n\n\n<div style=\"height:46px\" aria-hidden=\"true\" class=\"wp-block-spacer\"><\/div>\n\n\n\n<p class=\"has-vivid-cyan-blue-color has-text-color has-medium-font-size\"><strong>Cami\u00f3n \/ Bus Convencional<\/strong><\/p>\n\n\n\n<figure class=\"wp-block-table\"><table class=\"has-fixed-layout\"><thead><tr><th>C\u00f3digo<\/th><th>P\/C<\/th><th>Medida<\/th><th>Aplicaci\u00f3n<\/th><\/tr><\/thead><tbody><tr><td>07203991<\/td><td>10<\/td><td>20-8.5<\/td><td>10\/11\/1200&#215;20<\/td><\/tr><tr><td>07223991<\/td><td>10<\/td><td>22-8.0<\/td><td>1000\/1100&#215;22<\/td><\/tr><tr><td>07243994<\/td><td>10<\/td><td>24-8.3<\/td><td>1100\/1200&#215;24<\/td><\/tr><\/tbody><\/table><figcaption>P\/C: Piezas por caja.<\/figcaption><\/figure>\n\n\n\n<div style=\"height:47px\" aria-hidden=\"true\" class=\"wp-block-spacer\"><\/div>\n\n\n\n<p class=\"has-vivid-cyan-blue-color has-text-color has-medium-font-size\"><strong>Industrial<\/strong><\/p>\n\n\n\n<figure class=\"wp-block-table\"><table class=\"has-fixed-layout\"><thead><tr><th>C\u00f3digo<\/th><th>P\/C<\/th><th>Medida<\/th><th>Aplicaci\u00f3n<\/th><\/tr><\/thead><tbody><tr><td>07123991<\/td><td>35<\/td><td>12-5.5<\/td><td>700&#215;12<\/td><\/tr><tr><td>07093991<\/td><td>40<\/td><td>9-6.2<\/td><td>6.00-9<\/td><\/tr><tr><td>07103991<\/td><td>35<\/td><td>10-6.3<\/td><td>6.50-10<\/td><\/tr><\/tbody><\/table><figcaption>P\/C: Piezas por caja.<\/figcaption><\/figure>\n\n\n\n<div style=\"height:49px\" aria-hidden=\"true\" class=\"wp-block-spacer\"><\/div>\n\n\n\n<p class=\"has-vivid-cyan-blue-color has-text-color has-medium-font-size\"><strong>OTR<\/strong><\/p>\n\n\n\n<figure class=\"wp-block-table\"><table class=\"has-fixed-layout\"><thead><tr><th>C\u00f3digo<\/th><th>P\/C<\/th><th>Medida<\/th><th>Aplicaci\u00f3n<\/th><\/tr><\/thead><tbody><tr><td>07243991<\/td><td>5<\/td><td>24\/25-10.1<\/td><td>1300\/1400&#215;24<\/td><\/tr><tr><td>07243992<\/td><td>5<\/td><td>24\/25-10.9<\/td><td>1600&#215;24\/25<\/td><\/tr><tr><td>07243993<\/td><td>6<\/td><td>24\/25-9.6<\/td><td>1400&#215;24\/25<\/td><\/tr><tr><td>07253991<\/td><td>6<\/td><td>24\/25-13.5<\/td><td>1800-25<\/td><\/tr><tr><td>07253992<\/td><td>6<\/td><td>25-15.0<\/td><td>17.5-25<\/td><\/tr><tr><td>07253993<\/td><td>4<\/td><td>25-18.0<\/td><td>20.5-25<\/td><\/tr><tr><td>07253994<\/td><td>4<\/td><td>25-19.5<\/td><td>23.5-25<\/td><\/tr><tr><td>07253995<\/td><td>2<\/td><td>25-22.5<\/td><td>26.5-25<\/td><\/tr><tr><td>07253996<\/td><td>2<\/td><td>25-26<\/td><td>29.5-25<\/td><\/tr><\/tbody><\/table><figcaption>P\/C: Piezas por caja.<\/figcaption><\/figure>\n\n\n\n<p style=\"font-size:10px\">*Los datos t\u00e9cnicos, dimensiones e im\u00e1genes mostrados son referenciales y pueden sufrir variaciones. De existir alguna variaci\u00f3n, no est\u00e1 sujeto a reclamo y\/o devoluci\u00f3n.<\/p>\n\n\n\n<hr class=\"wp-block-separator\"\/>\n\n\n\n<div class=\"wp-block-buttons is-content-justification-center is-layout-flex wp-container-core-buttons-is-layout-a89b3969 wp-block-buttons-is-layout-flex\">\n<div class=\"wp-block-button has-custom-width wp-block-button__width-75 has-custom-font-size has-small-font-size\"><a class=\"wp-block-button__link has-black-color has-text-color has-background\" href=\"https:\/\/reencauchadoraelsol.com\/productos\/\" style=\"background:linear-gradient(135deg,rgb(238,238,238) 12%,rgb(169,184,195) 100%)\">VER TODOS NUESTROS PRODUCTOS<\/a><\/div>\n<\/div>\n\n\n\n<hr class=\"wp-block-separator\"\/>\n","protected":false},"excerpt":{"rendered":"<p>Los guardac\u00e1maras o protectores son usados para evitar que la c\u00e1mara sufra alg\u00fan tipo de da\u00f1o como resultado de entrar en contacto directo con el borde met\u00e1lico. Nuestros protectores se [&hellip;]<\/p>\n","protected":false},"author":5,"featured_media":0,"parent":0,"menu_order":0,"comment_status":"closed","ping_status":"closed","template":"","meta":{"footnotes":""},"class_list":["post-1426","page","type-page","status-publish","hentry"],"yoast_head":"<!-- This site is optimized with the Yoast SEO plugin v27.3 - https:\/\/yoast.com\/product\/yoast-seo-wordpress\/ -->\n<title>Guardac\u00e1maras - Reencauchadora el Sol - Reencauche de llantas con Calidad ISO 9001<\/title>\n<meta name=\"description\" content=\"Contamos con Garant\u00eda ISO 9001 en el servicio de Reparaci\u00f3n y Reencauche de llantas hasta aro de 63&quot;. M\u00e1s de 70 a\u00f1os de experiencia nos respaldan.\" \/>\n<meta name=\"robots\" content=\"index, follow, max-snippet:-1, max-image-preview:large, max-video-preview:-1\" \/>\n<link rel=\"canonical\" href=\"https:\/\/reencauchadoraelsol.com\/?page_id=1426\" \/>\n<meta property=\"og:locale\" content=\"es_ES\" \/>\n<meta property=\"og:type\" content=\"article\" \/>\n<meta property=\"og:title\" content=\"Guardac\u00e1maras - Reencauchadora el Sol - Reencauche de llantas con Calidad ISO 9001\" \/>\n<meta property=\"og:description\" content=\"Contamos con Garant\u00eda ISO 9001 en el servicio de Reparaci\u00f3n y Reencauche de llantas hasta aro de 63&quot;. M\u00e1s de 70 a\u00f1os de experiencia nos respaldan.\" \/>\n<meta property=\"og:url\" content=\"https:\/\/reencauchadoraelsol.com\/?page_id=1426\" \/>\n<meta property=\"og:site_name\" content=\"Reencauchadora el Sol - Reencauche de llantas con Calidad ISO 9001\" \/>\n<meta property=\"article:publisher\" content=\"https:\/\/www.facebook.com\/reencauchadoraelsol\" \/>\n<meta property=\"article:modified_time\" content=\"2022-08-20T17:33:05+00:00\" \/>\n<meta name=\"twitter:card\" content=\"summary_large_image\" \/>\n<meta name=\"twitter:label1\" content=\"Tiempo de lectura\" \/>\n\t<meta name=\"twitter:data1\" content=\"1 minuto\" \/>\n<script type=\"application\/ld+json\" class=\"yoast-schema-graph\">{\"@context\":\"https:\\\/\\\/schema.org\",\"@graph\":[{\"@type\":\"WebPage\",\"@id\":\"https:\\\/\\\/reencauchadoraelsol.com\\\/?page_id=1426\",\"url\":\"https:\\\/\\\/reencauchadoraelsol.com\\\/?page_id=1426\",\"name\":\"Guardac\u00e1maras - Reencauchadora el Sol - Reencauche de llantas con Calidad ISO 9001\",\"isPartOf\":{\"@id\":\"https:\\\/\\\/reencauchadoraelsol.com\\\/#website\"},\"datePublished\":\"2022-08-20T17:33:02+00:00\",\"dateModified\":\"2022-08-20T17:33:05+00:00\",\"description\":\"Contamos con Garant\u00eda ISO 9001 en el servicio de Reparaci\u00f3n y Reencauche de llantas hasta aro de 63\\\". M\u00e1s de 70 a\u00f1os de experiencia nos respaldan.\",\"breadcrumb\":{\"@id\":\"https:\\\/\\\/reencauchadoraelsol.com\\\/?page_id=1426#breadcrumb\"},\"inLanguage\":\"es\",\"potentialAction\":[{\"@type\":\"ReadAction\",\"target\":[\"https:\\\/\\\/reencauchadoraelsol.com\\\/?page_id=1426\"]}]},{\"@type\":\"BreadcrumbList\",\"@id\":\"https:\\\/\\\/reencauchadoraelsol.com\\\/?page_id=1426#breadcrumb\",\"itemListElement\":[{\"@type\":\"ListItem\",\"position\":1,\"name\":\"Portada\",\"item\":\"https:\\\/\\\/reencauchadoraelsol.com\\\/\"},{\"@type\":\"ListItem\",\"position\":2,\"name\":\"Guardac\u00e1maras\"}]},{\"@type\":\"WebSite\",\"@id\":\"https:\\\/\\\/reencauchadoraelsol.com\\\/#website\",\"url\":\"https:\\\/\\\/reencauchadoraelsol.com\\\/\",\"name\":\"Reencauchadora el Sol - Reencauche de llantas con Calidad ISO 9001\",\"description\":\"Servicio de reparaci\u00f3n y reencauche de llantas con garant\u00eda ISO 9001\",\"publisher\":{\"@id\":\"https:\\\/\\\/reencauchadoraelsol.com\\\/#organization\"},\"potentialAction\":[{\"@type\":\"SearchAction\",\"target\":{\"@type\":\"EntryPoint\",\"urlTemplate\":\"https:\\\/\\\/reencauchadoraelsol.com\\\/?s={search_term_string}\"},\"query-input\":{\"@type\":\"PropertyValueSpecification\",\"valueRequired\":true,\"valueName\":\"search_term_string\"}}],\"inLanguage\":\"es\"},{\"@type\":\"Organization\",\"@id\":\"https:\\\/\\\/reencauchadoraelsol.com\\\/#organization\",\"name\":\"Reencauchadora el Sol - Reencauche de llantas con Calidad ISO 9001\",\"url\":\"https:\\\/\\\/reencauchadoraelsol.com\\\/\",\"logo\":{\"@type\":\"ImageObject\",\"inLanguage\":\"es\",\"@id\":\"https:\\\/\\\/reencauchadoraelsol.com\\\/#\\\/schema\\\/logo\\\/image\\\/\",\"url\":\"https:\\\/\\\/reencauchadoraelsol.com\\\/wp-content\\\/uploads\\\/2024\\\/05\\\/cropped-logo-reencauchadora-1.jpg\",\"contentUrl\":\"https:\\\/\\\/reencauchadoraelsol.com\\\/wp-content\\\/uploads\\\/2024\\\/05\\\/cropped-logo-reencauchadora-1.jpg\",\"width\":500,\"height\":108,\"caption\":\"Reencauchadora el Sol - Reencauche de llantas con Calidad ISO 9001\"},\"image\":{\"@id\":\"https:\\\/\\\/reencauchadoraelsol.com\\\/#\\\/schema\\\/logo\\\/image\\\/\"},\"sameAs\":[\"https:\\\/\\\/www.facebook.com\\\/reencauchadoraelsol\"]}]}<\/script>\n<!-- \/ Yoast SEO plugin. -->","yoast_head_json":{"title":"Guardac\u00e1maras - Reencauchadora el Sol - Reencauche de llantas con Calidad ISO 9001","description":"Contamos con Garant\u00eda ISO 9001 en el servicio de Reparaci\u00f3n y Reencauche de llantas hasta aro de 63\". M\u00e1s de 70 a\u00f1os de experiencia nos respaldan.","robots":{"index":"index","follow":"follow","max-snippet":"max-snippet:-1","max-image-preview":"max-image-preview:large","max-video-preview":"max-video-preview:-1"},"canonical":"https:\/\/reencauchadoraelsol.com\/?page_id=1426","og_locale":"es_ES","og_type":"article","og_title":"Guardac\u00e1maras - Reencauchadora el Sol - Reencauche de llantas con Calidad ISO 9001","og_description":"Contamos con Garant\u00eda ISO 9001 en el servicio de Reparaci\u00f3n y Reencauche de llantas hasta aro de 63\". M\u00e1s de 70 a\u00f1os de experiencia nos respaldan.","og_url":"https:\/\/reencauchadoraelsol.com\/?page_id=1426","og_site_name":"Reencauchadora el Sol - Reencauche de llantas con Calidad ISO 9001","article_publisher":"https:\/\/www.facebook.com\/reencauchadoraelsol","article_modified_time":"2022-08-20T17:33:05+00:00","twitter_card":"summary_large_image","twitter_misc":{"Tiempo de lectura":"1 minuto"},"schema":{"@context":"https:\/\/schema.org","@graph":[{"@type":"WebPage","@id":"https:\/\/reencauchadoraelsol.com\/?page_id=1426","url":"https:\/\/reencauchadoraelsol.com\/?page_id=1426","name":"Guardac\u00e1maras - Reencauchadora el Sol - Reencauche de llantas con Calidad ISO 9001","isPartOf":{"@id":"https:\/\/reencauchadoraelsol.com\/#website"},"datePublished":"2022-08-20T17:33:02+00:00","dateModified":"2022-08-20T17:33:05+00:00","description":"Contamos con Garant\u00eda ISO 9001 en el servicio de Reparaci\u00f3n y Reencauche de llantas hasta aro de 63\". M\u00e1s de 70 a\u00f1os de experiencia nos respaldan.","breadcrumb":{"@id":"https:\/\/reencauchadoraelsol.com\/?page_id=1426#breadcrumb"},"inLanguage":"es","potentialAction":[{"@type":"ReadAction","target":["https:\/\/reencauchadoraelsol.com\/?page_id=1426"]}]},{"@type":"BreadcrumbList","@id":"https:\/\/reencauchadoraelsol.com\/?page_id=1426#breadcrumb","itemListElement":[{"@type":"ListItem","position":1,"name":"Portada","item":"https:\/\/reencauchadoraelsol.com\/"},{"@type":"ListItem","position":2,"name":"Guardac\u00e1maras"}]},{"@type":"WebSite","@id":"https:\/\/reencauchadoraelsol.com\/#website","url":"https:\/\/reencauchadoraelsol.com\/","name":"Reencauchadora el Sol - Reencauche de llantas con Calidad ISO 9001","description":"Servicio de reparaci\u00f3n y reencauche de llantas con garant\u00eda ISO 9001","publisher":{"@id":"https:\/\/reencauchadoraelsol.com\/#organization"},"potentialAction":[{"@type":"SearchAction","target":{"@type":"EntryPoint","urlTemplate":"https:\/\/reencauchadoraelsol.com\/?s={search_term_string}"},"query-input":{"@type":"PropertyValueSpecification","valueRequired":true,"valueName":"search_term_string"}}],"inLanguage":"es"},{"@type":"Organization","@id":"https:\/\/reencauchadoraelsol.com\/#organization","name":"Reencauchadora el Sol - Reencauche de llantas con Calidad ISO 9001","url":"https:\/\/reencauchadoraelsol.com\/","logo":{"@type":"ImageObject","inLanguage":"es","@id":"https:\/\/reencauchadoraelsol.com\/#\/schema\/logo\/image\/","url":"https:\/\/reencauchadoraelsol.com\/wp-content\/uploads\/2024\/05\/cropped-logo-reencauchadora-1.jpg","contentUrl":"https:\/\/reencauchadoraelsol.com\/wp-content\/uploads\/2024\/05\/cropped-logo-reencauchadora-1.jpg","width":500,"height":108,"caption":"Reencauchadora el Sol - Reencauche de llantas con Calidad ISO 9001"},"image":{"@id":"https:\/\/reencauchadoraelsol.com\/#\/schema\/logo\/image\/"},"sameAs":["https:\/\/www.facebook.com\/reencauchadoraelsol"]}]}},"_links":{"self":[{"href":"https:\/\/reencauchadoraelsol.com\/index.php?rest_route=\/wp\/v2\/pages\/1426","targetHints":{"allow":["GET"]}}],"collection":[{"href":"https:\/\/reencauchadoraelsol.com\/index.php?rest_route=\/wp\/v2\/pages"}],"about":[{"href":"https:\/\/reencauchadoraelsol.com\/index.php?rest_route=\/wp\/v2\/types\/page"}],"author":[{"embeddable":true,"href":"https:\/\/reencauchadoraelsol.com\/index.php?rest_route=\/wp\/v2\/users\/5"}],"replies":[{"embeddable":true,"href":"https:\/\/reencauchadoraelsol.com\/index.php?rest_route=%2Fwp%2Fv2%2Fcomments&post=1426"}],"version-history":[{"count":0,"href":"https:\/\/reencauchadoraelsol.com\/index.php?rest_route=\/wp\/v2\/pages\/1426\/revisions"}],"wp:attachment":[{"href":"https:\/\/reencauchadoraelsol.com\/index.php?rest_route=%2Fwp%2Fv2%2Fmedia&parent=1426"}],"curies":[{"name":"wp","href":"https:\/\/api.w.org\/{rel}","templated":true}]}}