{"id":1024,"date":"2020-03-30T20:05:08","date_gmt":"2020-03-31T01:05:08","guid":{"rendered":"https:\/\/reencauchadoraelsol.com\/?page_id=1024"},"modified":"2022-02-07T16:40:39","modified_gmt":"2022-02-07T21:40:39","slug":"reencauche-de-llantas-otr-off-the-road","status":"publish","type":"page","link":"https:\/\/reencauchadoraelsol.com\/?page_id=1024","title":{"rendered":"Reencauche de Llantas OTR (Off The Road)"},"content":{"rendered":"<p>El reencauche de neum\u00e1ticos OTR es la mejor opci\u00f3n para reducir el costo\/hora de los neum\u00e1ticos en las operaciones de miner\u00eda a tajo abierto, miner\u00eda subterr\u00e1nea, industrial y construcci\u00f3n. Contamos con la certificaci\u00f3n ISO 9001 en nuestro&nbsp;<strong>\u201cServicio de reparaci\u00f3n y reencauche de neum\u00e1ticos OTR, industrial, cami\u00f3n, bus y camioneta\u201d&nbsp;<\/strong>lo que se traduce en constantes controles de calidad durante los procesos de producci\u00f3n y producto terminado.<\/p>\n<p><a href=\"https:\/\/reencauchadoraelsol.com\/wp-content\/uploads\/2017\/08\/Reencauchadora_2.jpg\"><img decoding=\"async\" class=\"alignnone size-full wp-image-503 lazyload\" data-src=\"https:\/\/reencauchadoraelsol.com\/wp-content\/uploads\/2017\/08\/Reencauchadora_2.jpg\" alt=\"\" width=\"1920\" height=\"482\" data-srcset=\"https:\/\/reencauchadoraelsol.com\/wp-content\/uploads\/2017\/08\/Reencauchadora_2.jpg 1920w, https:\/\/reencauchadoraelsol.com\/wp-content\/uploads\/2017\/08\/Reencauchadora_2-800x201.jpg 800w, https:\/\/reencauchadoraelsol.com\/wp-content\/uploads\/2017\/08\/Reencauchadora_2-300x75.jpg 300w, https:\/\/reencauchadoraelsol.com\/wp-content\/uploads\/2017\/08\/Reencauchadora_2-768x193.jpg 768w, https:\/\/reencauchadoraelsol.com\/wp-content\/uploads\/2017\/08\/Reencauchadora_2-1024x257.jpg 1024w, https:\/\/reencauchadoraelsol.com\/wp-content\/uploads\/2017\/08\/Reencauchadora_2-500x126.jpg 500w\" data-sizes=\"(max-width: 1920px) 100vw, 1920px\" src=\"data:image\/svg+xml;base64,PHN2ZyB3aWR0aD0iMSIgaGVpZ2h0PSIxIiB4bWxucz0iaHR0cDovL3d3dy53My5vcmcvMjAwMC9zdmciPjwvc3ZnPg==\" style=\"--smush-placeholder-width: 1920px; --smush-placeholder-aspect-ratio: 1920\/482;\" \/><\/a><\/p>\n<p>Reencauchadora El Sol ofrece este servicio con el sistema Orbitread, sistema mediante el cual diferentes compuestos de caucho son aplicados bajo presi\u00f3n y temperatura controlada en forma continua sobre la carcasa del neum\u00e1tico. Esta capa de caucho s\u00f3lido es posteriormente vulcanizada y esculpida con una cuchilla especial para crear los dise\u00f1os adecuados de la nueva banda de rodamiento, brindando al usuario el tipo de reencauche m\u00e1s apropiado para cada necesidad.<\/p>\n<p>El servicio de reencauche OTR est\u00e1 completamente garantizado contra cualquier falla o defecto atribuible al proceso de reencauche. Para ello, contamos con una&nbsp; moderna planta de reencauche OTR, con maquinaria de \u00faltima generaci\u00f3n para la fabricaci\u00f3n de compuestos, con capacidad de reencauche de neum\u00e1ticos hasta aro 63&#8243;, personal altamente calificado y controles de calidad durante todo el proceso que garantizan un \u00f3ptimo rendimiento.<\/p>\n<p>Revise los tipos de dise\u00f1o OTR ingresando al siguiente link:<\/p>\n<p><a href=\"https:\/\/reencauchadoraelsol.com\/nuestros-disenos\/disenos-otr\/\">Tipos de dise\u00f1o OTR<\/a><\/p>\n","protected":false},"excerpt":{"rendered":"<p>El reencauche de neum\u00e1ticos OTR es la mejor opci\u00f3n para reducir el costo\/hora de los neum\u00e1ticos en las operaciones de miner\u00eda a tajo abierto, miner\u00eda subterr\u00e1nea, industrial y construcci\u00f3n. Contamos [&hellip;]<\/p>\n","protected":false},"author":5,"featured_media":0,"parent":0,"menu_order":0,"comment_status":"closed","ping_status":"closed","template":"","meta":{"footnotes":""},"class_list":["post-1024","page","type-page","status-publish","hentry"],"yoast_head":"<!-- This site is optimized with the Yoast SEO plugin v27.3 - https:\/\/yoast.com\/product\/yoast-seo-wordpress\/ -->\n<title>Reencauche de llantas para Mineria (OTR) hasta aro 63&quot;<\/title>\n<meta name=\"description\" content=\"Contamos con una moderna planta de reencauche de llantas hasta aro 63&quot;. M\u00e1s de 70 a\u00f1os de experiencia. Conoce m\u00e1s ingresando aqu\u00ed.\" \/>\n<meta name=\"robots\" content=\"index, follow, max-snippet:-1, max-image-preview:large, max-video-preview:-1\" \/>\n<link rel=\"canonical\" href=\"https:\/\/reencauchadoraelsol.com\/?page_id=1024\" \/>\n<meta property=\"og:locale\" content=\"es_ES\" \/>\n<meta property=\"og:type\" content=\"article\" \/>\n<meta property=\"og:title\" content=\"Reencauche de llantas para Mineria (OTR) hasta aro 63&quot;\" \/>\n<meta property=\"og:description\" content=\"Contamos con una moderna planta de reencauche de llantas hasta aro 63&quot;. M\u00e1s de 70 a\u00f1os de experiencia. Conoce m\u00e1s ingresando aqu\u00ed.\" \/>\n<meta property=\"og:url\" content=\"https:\/\/reencauchadoraelsol.com\/?page_id=1024\" \/>\n<meta property=\"og:site_name\" content=\"Reencauchadora el Sol - Reencauche de llantas con Calidad ISO 9001\" \/>\n<meta property=\"article:publisher\" content=\"https:\/\/www.facebook.com\/reencauchadoraelsol\" \/>\n<meta property=\"article:modified_time\" content=\"2022-02-07T21:40:39+00:00\" \/>\n<meta property=\"og:image\" content=\"https:\/\/reencauchadoraelsol.com\/wp-content\/uploads\/2017\/08\/Reencauchadora_2.jpg\" \/>\n<meta name=\"twitter:card\" content=\"summary_large_image\" \/>\n<meta name=\"twitter:label1\" content=\"Tiempo de lectura\" \/>\n\t<meta name=\"twitter:data1\" content=\"2 minutos\" \/>\n<script type=\"application\/ld+json\" class=\"yoast-schema-graph\">{\"@context\":\"https:\\\/\\\/schema.org\",\"@graph\":[{\"@type\":\"WebPage\",\"@id\":\"https:\\\/\\\/reencauchadoraelsol.com\\\/?page_id=1024\",\"url\":\"https:\\\/\\\/reencauchadoraelsol.com\\\/?page_id=1024\",\"name\":\"Reencauche de llantas para Mineria (OTR) hasta aro 63\\\"\",\"isPartOf\":{\"@id\":\"https:\\\/\\\/reencauchadoraelsol.com\\\/#website\"},\"primaryImageOfPage\":{\"@id\":\"https:\\\/\\\/reencauchadoraelsol.com\\\/?page_id=1024#primaryimage\"},\"image\":{\"@id\":\"https:\\\/\\\/reencauchadoraelsol.com\\\/?page_id=1024#primaryimage\"},\"thumbnailUrl\":\"https:\\\/\\\/reencauchadoraelsol.com\\\/wp-content\\\/uploads\\\/2017\\\/08\\\/Reencauchadora_2.jpg\",\"datePublished\":\"2020-03-31T01:05:08+00:00\",\"dateModified\":\"2022-02-07T21:40:39+00:00\",\"description\":\"Contamos con una moderna planta de reencauche de llantas hasta aro 63\\\". M\u00e1s de 70 a\u00f1os de experiencia. Conoce m\u00e1s ingresando aqu\u00ed.\",\"breadcrumb\":{\"@id\":\"https:\\\/\\\/reencauchadoraelsol.com\\\/?page_id=1024#breadcrumb\"},\"inLanguage\":\"es\",\"potentialAction\":[{\"@type\":\"ReadAction\",\"target\":[\"https:\\\/\\\/reencauchadoraelsol.com\\\/?page_id=1024\"]}]},{\"@type\":\"ImageObject\",\"inLanguage\":\"es\",\"@id\":\"https:\\\/\\\/reencauchadoraelsol.com\\\/?page_id=1024#primaryimage\",\"url\":\"https:\\\/\\\/reencauchadoraelsol.com\\\/wp-content\\\/uploads\\\/2017\\\/08\\\/Reencauchadora_2.jpg\",\"contentUrl\":\"https:\\\/\\\/reencauchadoraelsol.com\\\/wp-content\\\/uploads\\\/2017\\\/08\\\/Reencauchadora_2.jpg\"},{\"@type\":\"BreadcrumbList\",\"@id\":\"https:\\\/\\\/reencauchadoraelsol.com\\\/?page_id=1024#breadcrumb\",\"itemListElement\":[{\"@type\":\"ListItem\",\"position\":1,\"name\":\"Portada\",\"item\":\"https:\\\/\\\/reencauchadoraelsol.com\\\/\"},{\"@type\":\"ListItem\",\"position\":2,\"name\":\"Reencauche de Llantas OTR (Off The Road)\"}]},{\"@type\":\"WebSite\",\"@id\":\"https:\\\/\\\/reencauchadoraelsol.com\\\/#website\",\"url\":\"https:\\\/\\\/reencauchadoraelsol.com\\\/\",\"name\":\"Reencauchadora el Sol - Reencauche de llantas con Calidad ISO 9001\",\"description\":\"Servicio de reparaci\u00f3n y reencauche de llantas con garant\u00eda ISO 9001\",\"publisher\":{\"@id\":\"https:\\\/\\\/reencauchadoraelsol.com\\\/#organization\"},\"potentialAction\":[{\"@type\":\"SearchAction\",\"target\":{\"@type\":\"EntryPoint\",\"urlTemplate\":\"https:\\\/\\\/reencauchadoraelsol.com\\\/?s={search_term_string}\"},\"query-input\":{\"@type\":\"PropertyValueSpecification\",\"valueRequired\":true,\"valueName\":\"search_term_string\"}}],\"inLanguage\":\"es\"},{\"@type\":\"Organization\",\"@id\":\"https:\\\/\\\/reencauchadoraelsol.com\\\/#organization\",\"name\":\"Reencauchadora el Sol - Reencauche de llantas con Calidad ISO 9001\",\"url\":\"https:\\\/\\\/reencauchadoraelsol.com\\\/\",\"logo\":{\"@type\":\"ImageObject\",\"inLanguage\":\"es\",\"@id\":\"https:\\\/\\\/reencauchadoraelsol.com\\\/#\\\/schema\\\/logo\\\/image\\\/\",\"url\":\"https:\\\/\\\/reencauchadoraelsol.com\\\/wp-content\\\/uploads\\\/2024\\\/05\\\/cropped-logo-reencauchadora-1.jpg\",\"contentUrl\":\"https:\\\/\\\/reencauchadoraelsol.com\\\/wp-content\\\/uploads\\\/2024\\\/05\\\/cropped-logo-reencauchadora-1.jpg\",\"width\":500,\"height\":108,\"caption\":\"Reencauchadora el Sol - Reencauche de llantas con Calidad ISO 9001\"},\"image\":{\"@id\":\"https:\\\/\\\/reencauchadoraelsol.com\\\/#\\\/schema\\\/logo\\\/image\\\/\"},\"sameAs\":[\"https:\\\/\\\/www.facebook.com\\\/reencauchadoraelsol\"]}]}<\/script>\n<!-- \/ Yoast SEO plugin. -->","yoast_head_json":{"title":"Reencauche de llantas para Mineria (OTR) hasta aro 63\"","description":"Contamos con una moderna planta de reencauche de llantas hasta aro 63\". M\u00e1s de 70 a\u00f1os de experiencia. Conoce m\u00e1s ingresando aqu\u00ed.","robots":{"index":"index","follow":"follow","max-snippet":"max-snippet:-1","max-image-preview":"max-image-preview:large","max-video-preview":"max-video-preview:-1"},"canonical":"https:\/\/reencauchadoraelsol.com\/?page_id=1024","og_locale":"es_ES","og_type":"article","og_title":"Reencauche de llantas para Mineria (OTR) hasta aro 63\"","og_description":"Contamos con una moderna planta de reencauche de llantas hasta aro 63\". M\u00e1s de 70 a\u00f1os de experiencia. Conoce m\u00e1s ingresando aqu\u00ed.","og_url":"https:\/\/reencauchadoraelsol.com\/?page_id=1024","og_site_name":"Reencauchadora el Sol - Reencauche de llantas con Calidad ISO 9001","article_publisher":"https:\/\/www.facebook.com\/reencauchadoraelsol","article_modified_time":"2022-02-07T21:40:39+00:00","og_image":[{"url":"https:\/\/reencauchadoraelsol.com\/wp-content\/uploads\/2017\/08\/Reencauchadora_2.jpg","type":"","width":"","height":""}],"twitter_card":"summary_large_image","twitter_misc":{"Tiempo de lectura":"2 minutos"},"schema":{"@context":"https:\/\/schema.org","@graph":[{"@type":"WebPage","@id":"https:\/\/reencauchadoraelsol.com\/?page_id=1024","url":"https:\/\/reencauchadoraelsol.com\/?page_id=1024","name":"Reencauche de llantas para Mineria (OTR) hasta aro 63\"","isPartOf":{"@id":"https:\/\/reencauchadoraelsol.com\/#website"},"primaryImageOfPage":{"@id":"https:\/\/reencauchadoraelsol.com\/?page_id=1024#primaryimage"},"image":{"@id":"https:\/\/reencauchadoraelsol.com\/?page_id=1024#primaryimage"},"thumbnailUrl":"https:\/\/reencauchadoraelsol.com\/wp-content\/uploads\/2017\/08\/Reencauchadora_2.jpg","datePublished":"2020-03-31T01:05:08+00:00","dateModified":"2022-02-07T21:40:39+00:00","description":"Contamos con una moderna planta de reencauche de llantas hasta aro 63\". M\u00e1s de 70 a\u00f1os de experiencia. Conoce m\u00e1s ingresando aqu\u00ed.","breadcrumb":{"@id":"https:\/\/reencauchadoraelsol.com\/?page_id=1024#breadcrumb"},"inLanguage":"es","potentialAction":[{"@type":"ReadAction","target":["https:\/\/reencauchadoraelsol.com\/?page_id=1024"]}]},{"@type":"ImageObject","inLanguage":"es","@id":"https:\/\/reencauchadoraelsol.com\/?page_id=1024#primaryimage","url":"https:\/\/reencauchadoraelsol.com\/wp-content\/uploads\/2017\/08\/Reencauchadora_2.jpg","contentUrl":"https:\/\/reencauchadoraelsol.com\/wp-content\/uploads\/2017\/08\/Reencauchadora_2.jpg"},{"@type":"BreadcrumbList","@id":"https:\/\/reencauchadoraelsol.com\/?page_id=1024#breadcrumb","itemListElement":[{"@type":"ListItem","position":1,"name":"Portada","item":"https:\/\/reencauchadoraelsol.com\/"},{"@type":"ListItem","position":2,"name":"Reencauche de Llantas OTR (Off The Road)"}]},{"@type":"WebSite","@id":"https:\/\/reencauchadoraelsol.com\/#website","url":"https:\/\/reencauchadoraelsol.com\/","name":"Reencauchadora el Sol - Reencauche de llantas con Calidad ISO 9001","description":"Servicio de reparaci\u00f3n y reencauche de llantas con garant\u00eda ISO 9001","publisher":{"@id":"https:\/\/reencauchadoraelsol.com\/#organization"},"potentialAction":[{"@type":"SearchAction","target":{"@type":"EntryPoint","urlTemplate":"https:\/\/reencauchadoraelsol.com\/?s={search_term_string}"},"query-input":{"@type":"PropertyValueSpecification","valueRequired":true,"valueName":"search_term_string"}}],"inLanguage":"es"},{"@type":"Organization","@id":"https:\/\/reencauchadoraelsol.com\/#organization","name":"Reencauchadora el Sol - Reencauche de llantas con Calidad ISO 9001","url":"https:\/\/reencauchadoraelsol.com\/","logo":{"@type":"ImageObject","inLanguage":"es","@id":"https:\/\/reencauchadoraelsol.com\/#\/schema\/logo\/image\/","url":"https:\/\/reencauchadoraelsol.com\/wp-content\/uploads\/2024\/05\/cropped-logo-reencauchadora-1.jpg","contentUrl":"https:\/\/reencauchadoraelsol.com\/wp-content\/uploads\/2024\/05\/cropped-logo-reencauchadora-1.jpg","width":500,"height":108,"caption":"Reencauchadora el Sol - Reencauche de llantas con Calidad ISO 9001"},"image":{"@id":"https:\/\/reencauchadoraelsol.com\/#\/schema\/logo\/image\/"},"sameAs":["https:\/\/www.facebook.com\/reencauchadoraelsol"]}]}},"_links":{"self":[{"href":"https:\/\/reencauchadoraelsol.com\/index.php?rest_route=\/wp\/v2\/pages\/1024","targetHints":{"allow":["GET"]}}],"collection":[{"href":"https:\/\/reencauchadoraelsol.com\/index.php?rest_route=\/wp\/v2\/pages"}],"about":[{"href":"https:\/\/reencauchadoraelsol.com\/index.php?rest_route=\/wp\/v2\/types\/page"}],"author":[{"embeddable":true,"href":"https:\/\/reencauchadoraelsol.com\/index.php?rest_route=\/wp\/v2\/users\/5"}],"replies":[{"embeddable":true,"href":"https:\/\/reencauchadoraelsol.com\/index.php?rest_route=%2Fwp%2Fv2%2Fcomments&post=1024"}],"version-history":[{"count":0,"href":"https:\/\/reencauchadoraelsol.com\/index.php?rest_route=\/wp\/v2\/pages\/1024\/revisions"}],"wp:attachment":[{"href":"https:\/\/reencauchadoraelsol.com\/index.php?rest_route=%2Fwp%2Fv2%2Fmedia&parent=1024"}],"curies":[{"name":"wp","href":"https:\/\/api.w.org\/{rel}","templated":true}]}}